{"id":1061,"date":"2015-03-05T09:18:26","date_gmt":"2015-03-05T09:18:26","guid":{"rendered":"http:\/\/www.lingua.si\/2015\/?page_id=1061"},"modified":"2023-12-14T11:49:26","modified_gmt":"2023-12-14T11:49:26","slug":"splosni-pogoji-poslovanja","status":"publish","type":"page","link":"https:\/\/www.lingua.si\/2015\/shop\/splosni-pogoji-poslovanja\/","title":{"rendered":"Splo\u0161ni pogoji poslovanja"},"content":{"rendered":"<p>Splo\u0161ni pogoji poslovanja spletne trgovine so sestavljeni v skladu z Zakonom o varstvu potro\u0161nikov (ZVPot-UPB2), na podlagi priporo\u010dil GZS in mednarodnih kodeksov za e-poslovanje.<\/p>\n<h3>Z registracijo kot kupec in &#8211; ali z oddajo naro\u010dila se kupec strinja s splo\u0161nimi pogoji poslovanja in izjavlja, da jih je razumel. Splo\u0161ni pogoji poslovanja se lahko spremenijo kadar koli z objavo v internetni trgovini.<\/h3>\n<div>.<\/div>\n<h2>Pla\u010dilo:<\/h2>\n<p>Kupec lahko pri nakupu izbere eno\u00a0vrsto pla\u010dila:\u00a0 <strong>pla\u010dilo po povzetju<br \/>\n<\/strong><\/p>\n<p>Kupca bremenijo stro\u0161ki pla\u010dila UPN naloga ob prevzemu. Pakete dostavi Po\u0161ta Slovenije na naslov, ki ga vpi\u0161ete ob naro\u010dilu.<\/p>\n<p>Skupno vi\u0161ino zneska, naro\u010denega blaga in stro\u0161kov po\u0161iljanja, lahko preverite na obvestilu o prejetem naro\u010dilu, ki ga prejmete na naslov va\u0161e elektronske po\u0161te.<\/p>\n<p>Za po\u0161iljke zunaj Slovenije, prosim preverite vi\u0161ino po\u0161tnine po elektronski po\u0161ti <a href=\"mailto:info@ingua.si\">info@ingua.si<\/a> .<\/p>\n<p>Pla\u010dila s karticami, \u010deki in ostalimi pla\u010dilnimi sredstvi niso mo\u017ena.<\/p>\n<h3><\/h3>\n<h2>Po\u0161iljanje:<\/h2>\n<p>Naro\u010deno blago vam po\u0161ljemo po po\u0161ti najkasneje v 8 dneh. V primeru, da artikla ni na zalogi, vas bomo o tem obvestili po elektronski po\u0161ti in vam ponudili primerno re\u0161itev, ki jo lahko odklonite in nakup prekli\u010dete.<\/p>\n<p>Dostavo v Sloveniji opravlja Po\u0161ta Slovenije\u00a0v skladu z njihovimi pogoji dostave, ki si jih lahko ogledate na internetni strani <a href=\"http:\/\/www.posta.si\/opis-storitve\/495\/Zakon-in-splosni-pogoji\" target=\"_blank\" rel=\"noopener\">www.posta.si<\/a>\u00a0. Paket vam na navedeni naslov dostavi njihov kurir-po\u0161tar. \u010ce vas ni doma, vam pusti sporo\u010dilo in paket lahko prejmete v va\u0161i poslovalnici Po\u0161te Slovenije.\u00a0Ker Po\u0161ta Slovenije dostavlja po\u0161iljke v dopoldanskem \u010dasu, ko vas mogo\u010de ne bo doma, lahko naslov za dostavo dolo\u010dite tudi va\u0161 naslov v slu\u017ebi ali tja, kjer se pa\u010d dopoldne nahajate.<\/p>\n<p>Kurir vam ne sme zara\u010dunati nobenih dodatnih stro\u0161kov ali provizij, saj\u00a0vas ne bremenijo nobeni dodatni stro\u0161ki dostave.<\/p>\n<h3><strong>Rok dobave pomeni, da bo naro\u010dilo odposlano najkasneje v 8 dneh. \u0160tejejo se samo delovni dnevi, brez sobot, nedelj in praznikov.<\/strong><\/h3>\n<h2><strong>Informacije in naslov za morebitne prito\u017ebe:<\/strong><\/h2>\n<p>Naslov, kamor lahko kupec po\u0161lje svoje ugovore, pripombe, zahtevke in izjave:<\/p>\n<p><strong>LINGUA, Iza Jonko s.p., Lokovica 2, 3325 \u0160o\u0161tanj,<\/strong> <a href=\"mailto:info@lingua.si\" target=\"_blank\" rel=\"noopener\">info@lingua.si<\/a>, odgovorna oseba: Iza Jonko, poslovanje in komunikacija s podjetjem poteka v slovenskem jeziku.<\/p>\n<h2><strong>Splo\u0161na dolo\u010dila in ostali podatki:<\/strong><\/h2>\n<p>Kupec z oddajo naro\u010dila nima nobenih dodatnih stro\u0161kov, povezanih z uporabo komunikacijskega sredstva. Stro\u0161ki se ne razlikujejo od obi\u010dajne tarife, ki jo kupec obi\u010dajno pla\u010duje.<\/p>\n<p>Vse cene so v evrih (\u20ac, EUR) in \u017ee vklju\u010dujejo 22% DDV.<\/p>\n<p>Vsa dokumentacija bo shranjena na sede\u017eu podjetja v pisni ali drugi zakonsko primerni obliki. Kupec prejme vso potrebno dokumentacijo najkasneje ob prejemu blaga skupaj z izdanim ra\u010dunom, na katerem je obra\u010dunan in izkazan DDV skladno z zakonodajo. Nismo zavezanci za DDV. Kupec lahko kasneje do dokumentacije dostopa na pisno zahtevo do zakonsko dolo\u010denih \u010dasovnih omejitev za shranjevanje dokumentacije.<\/p>\n<p>Cene veljajo v trenutku oddaje naro\u010dila in nimajo vnaprej dolo\u010dene veljavnosti. Ko kupec prejme Obvestilo o prejetem naro\u010dilu se za naro\u010deni artikel cena ne sme spremeniti.<\/p>\n<p>Barva izdelka, ki ga vidite na svojem ekranu, lahko odstopa od dejanske barve dobavljenega artikla, zaradi odstopanj prikaza barv na posameznem (kup\u010devem) zaslonu. Uveljavljanje garancij zaradi odstopanja barv ni mo\u017eno.<\/p>\n<p><strong>Iza Jonko s.p.<\/strong><\/p>\n","protected":false},"excerpt":{"rendered":"Splo\u0161ni pogoji poslovanja spletne trgovine so sestavljeni v skladu z Zakonom o varstvu potro\u0161nikov (ZVPot-UPB2), na podlagi priporo\u010dil GZS in mednarodnih kodeksov za e-poslovanje. Z registracijo kot kupec in &#8211; ali z oddajo naro\u010dila se kupec strinja s splo\u0161nimi pogoji poslovanja in izjavlja, da jih je razumel. Splo\u0161ni pogoji poslovanja se lahko spremenijo kadar koli[&#8230;]","protected":false},"author":1,"featured_media":0,"parent":709,"menu_order":0,"comment_status":"closed","ping_status":"closed","template":"","meta":[],"_links":{"self":[{"href":"https:\/\/www.lingua.si\/2015\/wp-json\/wp\/v2\/pages\/1061"}],"collection":[{"href":"https:\/\/www.lingua.si\/2015\/wp-json\/wp\/v2\/pages"}],"about":[{"href":"https:\/\/www.lingua.si\/2015\/wp-json\/wp\/v2\/types\/page"}],"author":[{"embeddable":true,"href":"https:\/\/www.lingua.si\/2015\/wp-json\/wp\/v2\/users\/1"}],"replies":[{"embeddable":true,"href":"https:\/\/www.lingua.si\/2015\/wp-json\/wp\/v2\/comments?post=1061"}],"version-history":[{"count":6,"href":"https:\/\/www.lingua.si\/2015\/wp-json\/wp\/v2\/pages\/1061\/revisions"}],"predecessor-version":[{"id":1989,"href":"https:\/\/www.lingua.si\/2015\/wp-json\/wp\/v2\/pages\/1061\/revisions\/1989"}],"up":[{"embeddable":true,"href":"https:\/\/www.lingua.si\/2015\/wp-json\/wp\/v2\/pages\/709"}],"wp:attachment":[{"href":"https:\/\/www.lingua.si\/2015\/wp-json\/wp\/v2\/media?parent=1061"}],"curies":[{"name":"wp","href":"https:\/\/api.w.org\/{rel}","templated":true}]}}