{"id":1086,"date":"2015-03-05T10:05:37","date_gmt":"2015-03-05T10:05:37","guid":{"rendered":"http:\/\/www.lingua.si\/2015\/?page_id=1086"},"modified":"2015-03-05T10:05:37","modified_gmt":"2015-03-05T10:05:37","slug":"garancija","status":"publish","type":"page","link":"https:\/\/www.lingua.si\/2015\/shop\/garancija\/","title":{"rendered":"Garancija"},"content":{"rendered":"<p>Artikli imajo garancijo, \u010de je tako navedeno na garancijskem listu ali na ra\u010dunu. Garancija je veljavna ob upo\u0161tevanju navodil na garancijskem listu ter ob predlo\u017eitvi ra\u010duna. Informacija o garanciji je navedena tudi na strani s predstavitvijo artikla. \u010ce informacije o garanciji ni, artikel nima garancije ali pa podatek v tem trenutku ni znan. V slednjem primeru lahko kupec kontaktira prodajalca, ki bo zagotovil a\u017eurno informacijo. Garancija velja le za \u201cskrite\u201d napake, ki nastanejo brez vpliva uporabnika. Garancija ne velja, \u010de prodajalec ugotovi, da je pri\u0161lo do mehanske po\u0161kodbe ali stika s teko\u010dino.<\/p>\n<p>Izdelek se zamenja z novim v primeru, da servis oz. popravilo ni mogo\u010de. Izdelek bo posredovan na poobla\u0161\u010deni servis, kjer bodo ustrezno odpravili nastale napake. Ob vsakem izdelku oz. garancijskem listu je naveden naslov poobla\u0161\u010denega servisa.<\/p>\n","protected":false},"excerpt":{"rendered":"Artikli imajo garancijo, \u010de je tako navedeno na garancijskem listu ali na ra\u010dunu. Garancija je veljavna ob upo\u0161tevanju navodil na garancijskem listu ter ob predlo\u017eitvi ra\u010duna. Informacija o garanciji je navedena tudi na strani s predstavitvijo artikla. \u010ce informacije o garanciji ni, artikel nima garancije ali pa podatek v tem trenutku ni znan. V slednjem[&#8230;]","protected":false},"author":1,"featured_media":0,"parent":709,"menu_order":0,"comment_status":"closed","ping_status":"closed","template":"","meta":[],"_links":{"self":[{"href":"https:\/\/www.lingua.si\/2015\/wp-json\/wp\/v2\/pages\/1086"}],"collection":[{"href":"https:\/\/www.lingua.si\/2015\/wp-json\/wp\/v2\/pages"}],"about":[{"href":"https:\/\/www.lingua.si\/2015\/wp-json\/wp\/v2\/types\/page"}],"author":[{"embeddable":true,"href":"https:\/\/www.lingua.si\/2015\/wp-json\/wp\/v2\/users\/1"}],"replies":[{"embeddable":true,"href":"https:\/\/www.lingua.si\/2015\/wp-json\/wp\/v2\/comments?post=1086"}],"version-history":[{"count":1,"href":"https:\/\/www.lingua.si\/2015\/wp-json\/wp\/v2\/pages\/1086\/revisions"}],"predecessor-version":[{"id":1087,"href":"https:\/\/www.lingua.si\/2015\/wp-json\/wp\/v2\/pages\/1086\/revisions\/1087"}],"up":[{"embeddable":true,"href":"https:\/\/www.lingua.si\/2015\/wp-json\/wp\/v2\/pages\/709"}],"wp:attachment":[{"href":"https:\/\/www.lingua.si\/2015\/wp-json\/wp\/v2\/media?parent=1086"}],"curies":[{"name":"wp","href":"https:\/\/api.w.org\/{rel}","templated":true}]}}