{"id":1089,"date":"2015-03-05T10:10:22","date_gmt":"2015-03-05T10:10:22","guid":{"rendered":"http:\/\/www.lingua.si\/2015\/?page_id=1089"},"modified":"2015-03-05T10:10:31","modified_gmt":"2015-03-05T10:10:31","slug":"cene","status":"publish","type":"page","link":"https:\/\/www.lingua.si\/2015\/shop\/cene\/","title":{"rendered":"Cene"},"content":{"rendered":"<h2>Cene<\/h2>\n<p><strong>Vse cene v spletni trgovini so navedene v EUR in predstavljajo kon\u010dni znesek za kupca<\/strong>, razen \u010de je izrecno napisano druga\u010de. Za stranke (npr. podjetja, ki jih zanima, ali lahko ra\u010dunajo na odbitek DDV ob nakupu) svetujemo, da pred nakupom preverijo status ponudnika blaga ali storitev, ki jih zanima.<\/p>\n<p>Cene veljajo v trenutku oddaje naro\u010dila in nimajo v naprej dolo\u010dene veljavnosti.<\/p>\n<p>Kupoprodajna pogodba med ponudnikom in kupcem v spletni trgovini www.lingua.si\u00a0je sklenjena v trenutku, ko ponudnik kupcu po\u0161lje prvo elektronsko sporo\u010dilo o statusu njegovega naro\u010dila, ki vsebuje potrditev oddaje tega naro\u010dila. Od tega trenutka so vse cene in drugi pogoji fiksirani in veljajo tako za ponudnika kot za kupca.<br \/>\nPonudnik si pridr\u017euje pravico do odstopa od naro\u010dila, \u010de je ugotovljena nenamerna napaka oz. je morebiti pri\u0161lo celo do zlorabe sistema. Ob ugotovitvi tak\u0161ne napake bo nemudoma obvestil naro\u010dnika in poizkusil poiskati ter predlagati re\u0161itev za nastalo situacijo. Ponudnik se za tak\u0161ne primere \u017ee v naprej iskreno opravi\u010duje.<\/p>\n","protected":false},"excerpt":{"rendered":"Cene Vse cene v spletni trgovini so navedene v EUR in predstavljajo kon\u010dni znesek za kupca, razen \u010de je izrecno napisano druga\u010de. Za stranke (npr. podjetja, ki jih zanima, ali lahko ra\u010dunajo na odbitek DDV ob nakupu) svetujemo, da pred nakupom preverijo status ponudnika blaga ali storitev, ki jih zanima. Cene veljajo v trenutku oddaje[&#8230;]","protected":false},"author":1,"featured_media":0,"parent":709,"menu_order":0,"comment_status":"closed","ping_status":"closed","template":"","meta":[],"_links":{"self":[{"href":"https:\/\/www.lingua.si\/2015\/wp-json\/wp\/v2\/pages\/1089"}],"collection":[{"href":"https:\/\/www.lingua.si\/2015\/wp-json\/wp\/v2\/pages"}],"about":[{"href":"https:\/\/www.lingua.si\/2015\/wp-json\/wp\/v2\/types\/page"}],"author":[{"embeddable":true,"href":"https:\/\/www.lingua.si\/2015\/wp-json\/wp\/v2\/users\/1"}],"replies":[{"embeddable":true,"href":"https:\/\/www.lingua.si\/2015\/wp-json\/wp\/v2\/comments?post=1089"}],"version-history":[{"count":1,"href":"https:\/\/www.lingua.si\/2015\/wp-json\/wp\/v2\/pages\/1089\/revisions"}],"predecessor-version":[{"id":1090,"href":"https:\/\/www.lingua.si\/2015\/wp-json\/wp\/v2\/pages\/1089\/revisions\/1090"}],"up":[{"embeddable":true,"href":"https:\/\/www.lingua.si\/2015\/wp-json\/wp\/v2\/pages\/709"}],"wp:attachment":[{"href":"https:\/\/www.lingua.si\/2015\/wp-json\/wp\/v2\/media?parent=1089"}],"curies":[{"name":"wp","href":"https:\/\/api.w.org\/{rel}","templated":true}]}}