{"id":1095,"date":"2015-03-05T10:13:55","date_gmt":"2015-03-05T10:13:55","guid":{"rendered":"http:\/\/www.lingua.si\/2015\/?page_id=1095"},"modified":"2015-03-05T10:14:19","modified_gmt":"2015-03-05T10:14:19","slug":"popusti-promocijske-kode","status":"publish","type":"page","link":"https:\/\/www.lingua.si\/2015\/shop\/popusti-promocijske-kode\/","title":{"rendered":"Popusti in promocijske kode"},"content":{"rendered":"<h2>Popusti artiklov<\/h2>\n<p>Popusti so navedeni ob posameznih artiklih in so vidni v obliki pre\u010drtane redne cene z navedbo popusta, vi\u0161ine prihranka in navedbo nove kon\u010dne cene za kupca. Popusti za posamezni artikel ne veljajo v izjemnih primerih npr. zlorabe sistema ali nenamerne napake ob evidentiranju.<br \/>\nOpomba: Popust se ob potrditvi ko\u0161arice izbranih artiklov \u0161e enkrat naknadno preveri za vsak posamezni artikel. Tako sistem Klik-Mall.com prepre\u010duje mo\u017enost, ko bi kupec dodal artikel v ko\u0161arico po neki akcijski ceni (s popustom), za oddajo naro\u010dila in pla\u010dilo pa bi se odlo\u010dil \u0161ele \u010dez nekaj \u010dasa, ko akcijska cena ne bi ve\u010d veljala ali ko celo tega artikla morda niti ne bi bilo ve\u010d v ponudbi.<\/p>\n<p>&nbsp;<\/p>\n<h2>Promocijske kode<\/h2>\n<p>V primeru, ko ima kupec veljavno in neizkori\u0161\u010deno promocijsko kodo (pridobljeno npr. preko email obvestila ponudnika), jo lahko izkoristi za uveljavitev popusta ob oddaji naro\u010dila. Skupni znesek naro\u010dila se zni\u017ea za fiksni znesek ali odstotek vrednosti naro\u010dila, ki jo promocijska koda prina\u0161a.<\/p>\n","protected":false},"excerpt":{"rendered":"Popusti artiklov Popusti so navedeni ob posameznih artiklih in so vidni v obliki pre\u010drtane redne cene z navedbo popusta, vi\u0161ine prihranka in navedbo nove kon\u010dne cene za kupca. Popusti za posamezni artikel ne veljajo v izjemnih primerih npr. zlorabe sistema ali nenamerne napake ob evidentiranju. Opomba: Popust se ob potrditvi ko\u0161arice izbranih artiklov \u0161e enkrat[&#8230;]","protected":false},"author":1,"featured_media":0,"parent":709,"menu_order":0,"comment_status":"closed","ping_status":"closed","template":"","meta":[],"_links":{"self":[{"href":"https:\/\/www.lingua.si\/2015\/wp-json\/wp\/v2\/pages\/1095"}],"collection":[{"href":"https:\/\/www.lingua.si\/2015\/wp-json\/wp\/v2\/pages"}],"about":[{"href":"https:\/\/www.lingua.si\/2015\/wp-json\/wp\/v2\/types\/page"}],"author":[{"embeddable":true,"href":"https:\/\/www.lingua.si\/2015\/wp-json\/wp\/v2\/users\/1"}],"replies":[{"embeddable":true,"href":"https:\/\/www.lingua.si\/2015\/wp-json\/wp\/v2\/comments?post=1095"}],"version-history":[{"count":2,"href":"https:\/\/www.lingua.si\/2015\/wp-json\/wp\/v2\/pages\/1095\/revisions"}],"predecessor-version":[{"id":1097,"href":"https:\/\/www.lingua.si\/2015\/wp-json\/wp\/v2\/pages\/1095\/revisions\/1097"}],"up":[{"embeddable":true,"href":"https:\/\/www.lingua.si\/2015\/wp-json\/wp\/v2\/pages\/709"}],"wp:attachment":[{"href":"https:\/\/www.lingua.si\/2015\/wp-json\/wp\/v2\/media?parent=1095"}],"curies":[{"name":"wp","href":"https:\/\/api.w.org\/{rel}","templated":true}]}}