{"id":1099,"date":"2015-03-05T10:15:31","date_gmt":"2015-03-05T10:15:31","guid":{"rendered":"http:\/\/www.lingua.si\/2015\/?page_id=1099"},"modified":"2023-09-04T20:22:31","modified_gmt":"2023-09-04T20:22:31","slug":"varovanje-osebnih-podatkov","status":"publish","type":"page","link":"https:\/\/www.lingua.si\/2015\/shop\/varovanje-osebnih-podatkov\/","title":{"rendered":"Varovanje osebnih podatkov"},"content":{"rendered":"<p>V podjetju Lingua, Iza Jonko s.p. in \u0161e posebej na\u0161i spletni trgovini lingua.si \u017ee vse od za\u010detka spo\u0161tujemo va\u0161o zasebnost ter varujemo va\u0161e podatke.<\/p>\n<p><span style=\"color: #000080;\"><em>Va\u0161i osebni podatki, njihovo zbiranje in uporaba predstavljajo nelo\u010dljiv del Splo\u0161nih pogojev na\u0161ega poslovanja in jih je mogo\u010de v celoti tolma\u010diti le v povezavi z njimi, zato priporo\u010damo, da jih preberete v celoti.<\/em><\/span><\/p>\n<p>Poslujemo skladno z Zakonom o varstvu osebnih podatkov (ZVOP-1), od objave teh pravil pa tudi z Evropsko uredbo o varstvu osebnih podatkov (GDPR).<\/p>\n<p>Ob uskladitvi z GDPR smo z \u017eeljo, da bo lahko vsak packa.si uporabnik svoje pravice na tem podro\u010dju lahko poznal ter u\u017eival v najve\u010dji mo\u017eni meri \u0161e dodatno pribli\u017eali in olaj\u0161ali urejanje va\u0161ih nastavitev ter uredili besedilo teh pogojev, tako da so \u0161e preprostej\u0161i za branje in razumevanje, bolj jasno opredelili, kako delamo z na\u0161imi partnerji, tretjimi osebami in pi\u0161kotki ter drugimi tehnologijami sledenja.<\/p>\n<p>Upravljalec podatkov je podjetje Lingua, Lidia Napotnik s.p. <a href=\"http:\/\/www.lingua.si\/2015\/contact\/\">Ve\u010d o nas<\/a>.<\/p>\n<p><strong><span style=\"color: #000080;\">Na\u0161e storitve lahko uporabljate kot<\/span><\/strong><\/p>\n<p><span style=\"color: #000080;\"><strong>\u00a0&#8211; neznani uporabnik<\/strong><\/span> (v tem primeru bomo z va\u0161im soglasjem ob obisku na\u0161ih strani podatke zbirali preko pi\u0161kotkov z namenom zagotavljanja bolj\u0161e funkcionalnosti in uporabni\u0161ke izku\u0161nje, varnosti, \u0161tetja \u0161tevila uporabnikov na spletnem mestu ter zagotavljanja nemotenega delovanja spletnih strani)<\/p>\n<p><span style=\"color: #000080;\"><strong>\u00a0&#8211; registrirani uporabnik\u00a0 <\/strong><\/span><\/p>\n<p><span style=\"color: #000080;\"><strong>Osebni podatki, ki jih zbiramo<\/strong><\/span><br \/>\nO na\u0161ih registriranih uporabnikih in kupcih zbiramo ve\u010d vrst osebnih podatkov:<br \/>\npodatki o identiteti: ime, priimek, elektronski naslov in geslo, ki je \u0161ifrirano in znano le uporabniku (tudi mi ga ne poznamo). Podatki o identiteti poslovnih uporabnikov vklju\u010dujejo tudi naziv podjetja in dav\u010dno \u0161tevilko oziroma \u0161tevilko zavezanca za DDV. \u0160tevilko zaveznaca za DDV hranimo tudi za fizi\u010dne osebe, ki poslujejo kot zaveznaci za DDV. Te podatke lahko vidite in urejate preko menuja Moj ra\u010dun.<\/p>\n<p><span style=\"color: #000080;\"><strong>kontaktni podatki:<\/strong><\/span> naslovi za dostavo, naslov za izdajo ra\u010duna in telefonska \u0161tevilka. Te podatke lahko vidite in urejate preko menuja Moj ra\u010dun.<br \/>\npodatki o nakupih in pla\u010dilih: hranimo vse podatke o va\u0161ih naro\u010dilih in pla\u010dilih, vklju\u010dno s podatki o stornacijah, vrnitvah naro\u010dil. Te podatke lahko vidite in urejate preko menuja Moj ra\u010dun.<br \/>\npodatki vezani na va\u0161o uporabo in profil: zadnji ogledi izdelkov, izdelki v nezaklju\u010denem naro\u010dilu, pogostost obiskovanja posameznih oddelkov, pogosti nakupi, komunikacija z nami preko rubrike Vpra\u0161anja in odgovori ter oddani komentarji in ocene na\u0161ih ponudb. Te podatke lahko vidite in urejate preko menuja Moj ra\u010dun.<\/p>\n<p><span style=\"color: #000080;\"><strong>Kako pridobivamo podatke<\/strong><\/span><br \/>\nPodatke o vas pridobivamo na ve\u010d na\u010dinov, ko:<br \/>\n\u2022 se registrirate kot lingua.si uporabnik<br \/>\n\u2022 oddate naro\u010dilo<br \/>\n\u2022 stornirate naro\u010dilo<br \/>\n\u2022 pregledujete na\u0161e vsebine<br \/>\n\u2022 ko objavite vpra\u0161anje, komentar ali oceno kateregakoli izmed na\u0161ih izdelkov<br \/>\n\u2022 ko nam posredujete razli\u010dna vpra\u0161anja, zahtevo za reklamacijo, vrnete izdelek, &#8230;<br \/>\n\u2022 z nami komunicirate preko dru\u017ebenih omre\u017eij<\/p>\n<p><strong><span style=\"color: #000080;\">Kaj delamo s podatki o vas<\/span><\/strong><br \/>\nPodatke o registriranih uporabnikih in kupcih ter nakupih zbiramo za:<br \/>\n\u2022 zagotavljanje na\u0161ih zakonskih obveznosti (na primer za vodenje finan\u010dnih in poslovnih knjig),<br \/>\n\u2022 izvedbo va\u0161ih naro\u010dil<br \/>\n\u2022 za analize poslovanja, planiranje, spremljanje statistik, obna\u0161anja kupcev ter obiskovalcev in podobno, pri \u010demer so uporabljeni podatki anonimizirani<\/p>\n<p>Vpra\u0161anja, ki nam jih posredujete preko kontaktnih obrazcev ali e-naslovov, objavljenih na spletnem mestu, bomo uporabili izklju\u010dno za razre\u0161itev te\u017eave ali pripravo odgovora na vpra\u0161anje.<\/p>\n<p><strong><span style=\"color: #000080;\">Kdo ima dostop do va\u0161ih osebnih podatkov<\/span><\/strong><br \/>\nPoleg nas lahko va\u0161e osebne podatke uporabljajo tudi na\u0161i zaupanja vredni partnerji, ki jih potrebujemo pri izvedbi, skladno z veljavnim Zakonom o varstvu osebnih podatkov in Evropsko uredbo o varstvu osebnih podatkov:<br \/>\n\u2022 dostavnim slu\u017ebam posredujemo podatke, ki jih potrebujejo za prevoz in oddajo naro\u010dila<br \/>\n\u2022 izvajalcem pla\u010dil (na primer Bankart, Paypal, Diners, ponudniki kreditiranja,&#8230;)<br \/>\n\u2022 poobla\u0161\u010denim ustanovam, \u010de tako zahteva zakon (sodi\u0161\u010de, ipd.)<\/p>\n<p>Vsi partnerji, ki imajo dostop do osebnih podatkov, so zavezani skrbnemu ravnanju z osebnimi podatki skladno z zakonodajo. Posredujemo jim le podatke, ki so nujni za uspe\u0161no izvedbo naro\u010dila, prodajnega procesa ali druge aktivnosti.<br \/>\nVa\u0161ih podatkov v nobenem primeru ne posredujemo nepoobla\u0161\u010denim tretjim osebam.<\/p>\n<p><span style=\"color: #000080;\"><strong>Roki hrambe osebnih podatkov<\/strong><\/span><br \/>\nVa\u0161e osebne podatke bomo hranili in obdelovali v obsegu, ki je potreben za uresni\u010devanje namenov obdelave in dokler bo to potrebno za zaklju\u010dek naro\u010denih ali dogovorjenih aktivnosti, ter potem v okviru zastaralnih rokov za obveznosti, ki bi lahko izvirale iz obdelave teh osebnih podatkov, \u0161e posebej, ko je obdelava osebnih podatkov potrebna v okviru sklenitve oziroma izvedbe pogodbe.<br \/>\nPodatke, ki so pridobljeni na podlagi privolitve, hranimo do preklica.<br \/>\nV primerih, ko je rok hrambe osebnih podatkov zapovedan z zakonom, podatke hranimo v skladu z zakonsko zapovedjo.<\/p>\n<p><span style=\"color: #000080;\"><strong>Zagotavljanje varnosti<\/strong><\/span><br \/>\nNa na\u0161ih spletnih straneh uporabljamo ve\u010d varnostno-za\u0161\u010ditnih sistemov, ki zagotavljajo ustrezno za\u0161\u010dito pred izgubo, razkritjem, ne\u017eeljenim spreminjanjem ali zlorabo podatkov. Za prenose vseh osebnih podatkov uporabljamo tehnologijo SSL, ki skrbi za kodiranje vseh informacij.<\/p>\n<p>Dostop do zbranih osebnih podatkov imajo le poobla\u0161\u010dene osebe (zaposleni, pogodbeni partnerji) z uporabni\u0161kim imenom in geslom.<\/p>\n<p>Prosimo, da nam pri varovanju va\u0161ih osebnih podatkov pomagate tako, da tudi sami poskrbite za varnost va\u0161ega uporabni\u0161kega imena in gesla.<\/p>\n<p><span style=\"color: #000080;\"><strong>Pi\u0161kotki<\/strong><\/span><br \/>\nZa pravilno delovanje spletne strani lingua.si uporaba pi\u0161kotkov ni potrebna in jih zato ne uporabljamo.<\/p>\n<p><span style=\"color: #000080;\"><strong>Va\u0161e pravice<\/strong><\/span><\/p>\n<div id=\"mceu_56\" class=\"wp-link-preview\">Na\u0161im kupcem in uporabnikom zagotavljamo vso podporo pri uresni\u010devanju pravic, ki jih navajamo v nadaljevanju:<\/div>\n<p>\u2022 na tej strani vas v celoti seznanjamo s tem, kako uporabljamo va\u0161e osebne podatke<br \/>\n\u2022 vpogled v vse podatke, ki jih imamo zbrane o vas je mo\u017een preko menuja Moj ra\u010dun na spletni strani http:\/\/www.lingua.si\/2015\/my-account\/edit-account\/<br \/>\n\u2022 vedno smo vam na voljo, da uveljavite va\u0161o pravico do popravka. Omogo\u010damo vam, da prakti\u010dno vse va\u0161e osebne podatke popravite in uredite sami z uporabo funkcionalnosti v menuju Moj ra\u010dun. Pravzaprav vas prosimo, da ste pri tem \u010dimbolj vestni.<br \/>\n\u2022 v dolo\u010denih primerih lahko uveljavite tudi pravico do izbrisa va\u0161ih osebnih podatkov. \u010ce ste se registrirali kot uporabnik, pa nikoli oddali nobenega naro\u010dila, potem vas bomo lahko na va\u0161o zahtevo izbrisali mi. \u010ce pa ste pri nas kupovali, prosimo, da upo\u0161tevate, da moramo va\u0161e podatke hraniti skladno z zakonodajo.<br \/>\n\u2022 v dolo\u010denih primerih lahko zahtevate za\u010dasno ali trajno prepoved nadaljne obdelave va\u0161ih osebnih podatkov v celoti ali delno,<br \/>\n\u2022 na va\u0161o zahtevo vam bomo va\u0161e osebne podatke posredovali zbrane v elektronski obliki<br \/>\n\u2022 obravnavali bomo va\u0161e ugovore na obdelavo va\u0161ih osebnih podatkov<\/p>\n<p>Del pravic lahko uveljavite neposredno z vpogledom na to stran in v navedene vsebine. Pravico do popravka smo tudi zagotovili preko vmesnikov v menuju Moj ra\u010dun.<br \/>\nVse ostale pravice lahko uveljavite tako, da nas o va\u0161i zahtevi obvestite s priporo\u010denim pismom na naslov: Lingua, Iza Jonko s.p., Lokovica 2, 3325 \u0160o\u0161tanj, s pripisom GDPR \u2013 TEMA, pri \u010demer je tema lahko ena izmed zagotovljenih pravic: dostop, dopolnitev, popravek, omejitev obdelave podatkov, blokiranje obdalave podatkov, izbris osebnih podatkov, ugovor na obdelavo podatkov, prenos podatkov.<\/p>\n<p><span style=\"color: #000080;\"><em>\u010ce menite, da se va\u0161i osebni podatki shranjujejo ali kako druga\u010de obdelujejo v nasprotju z veljavnimi predpisi, ki urejajo varstvo osebnih podatkov, imate pravico vlo\u017eiti prito\u017ebo pri Informacijskem poobla\u0161\u010dencu RS.<\/em><\/span><\/p>\n","protected":false},"excerpt":{"rendered":"V podjetju Lingua, Iza Jonko s.p. in \u0161e posebej na\u0161i spletni trgovini lingua.si \u017ee vse od za\u010detka spo\u0161tujemo va\u0161o zasebnost ter varujemo va\u0161e podatke. Va\u0161i osebni podatki, njihovo zbiranje in uporaba predstavljajo nelo\u010dljiv del Splo\u0161nih pogojev na\u0161ega poslovanja in jih je mogo\u010de v celoti tolma\u010diti le v povezavi z njimi, zato priporo\u010damo, da jih preberete[&#8230;]","protected":false},"author":1,"featured_media":0,"parent":709,"menu_order":0,"comment_status":"closed","ping_status":"closed","template":"","meta":[],"_links":{"self":[{"href":"https:\/\/www.lingua.si\/2015\/wp-json\/wp\/v2\/pages\/1099"}],"collection":[{"href":"https:\/\/www.lingua.si\/2015\/wp-json\/wp\/v2\/pages"}],"about":[{"href":"https:\/\/www.lingua.si\/2015\/wp-json\/wp\/v2\/types\/page"}],"author":[{"embeddable":true,"href":"https:\/\/www.lingua.si\/2015\/wp-json\/wp\/v2\/users\/1"}],"replies":[{"embeddable":true,"href":"https:\/\/www.lingua.si\/2015\/wp-json\/wp\/v2\/comments?post=1099"}],"version-history":[{"count":4,"href":"https:\/\/www.lingua.si\/2015\/wp-json\/wp\/v2\/pages\/1099\/revisions"}],"predecessor-version":[{"id":1968,"href":"https:\/\/www.lingua.si\/2015\/wp-json\/wp\/v2\/pages\/1099\/revisions\/1968"}],"up":[{"embeddable":true,"href":"https:\/\/www.lingua.si\/2015\/wp-json\/wp\/v2\/pages\/709"}],"wp:attachment":[{"href":"https:\/\/www.lingua.si\/2015\/wp-json\/wp\/v2\/media?parent=1099"}],"curies":[{"name":"wp","href":"https:\/\/api.w.org\/{rel}","templated":true}]}}