{"id":1153,"date":"2015-04-01T17:35:17","date_gmt":"2015-04-01T17:35:17","guid":{"rendered":"http:\/\/www.lingua.si\/2015\/?page_id=1153"},"modified":"2022-07-04T09:26:31","modified_gmt":"2022-07-04T09:26:31","slug":"anglescina-za-cicibane","status":"publish","type":"page","link":"https:\/\/www.lingua.si\/2015\/zaloznistvo\/anglescina-za-cicibane\/","title":{"rendered":"Angle\u0161\u010dina za cicibane"},"content":{"rendered":"<table>\n<tbody>\n<tr>\n<td><img loading=\"lazy\" class=\"alignnone  wp-image-790\" src=\"http:\/\/www.lingua.si\/2015\/wp-content\/uploads\/2015\/03\/Komplet-1-300x193.jpg\" alt=\"Komplet (1)\" width=\"274\" height=\"176\" \/><\/td>\n<td><img loading=\"lazy\" class=\"alignnone  wp-image-791\" src=\"http:\/\/www.lingua.si\/2015\/wp-content\/uploads\/2015\/03\/Komplet-300x193.jpg\" alt=\"Komplet\" width=\"274\" height=\"176\" \/><\/td>\n<\/tr>\n<\/tbody>\n<\/table>\n<p align=\"left\">Serija treh u\u010dbeni\u0161kih kompletov <strong>Angle\u0161\u010dina za cicibane<\/strong> je namenjena otrokom od petega do devetega leta, ki se angle\u0161\u010dine u\u010dijo v jezikovnih \u0161olah, ljudskih univerzah, vrtcih in v prvi triadi devetletke.<\/p>\n<h2 align=\"justify\"><a title=\"Rde\u010di u\u010dbeni\u0161ki komplet Angle\u0161\u010dina za cicibane\" href=\"http:\/\/www.lingua.si\/2015\/zaloznistvo\/rdeci-ucbeniski-komplet-anglescina-za-cicibane\/\"><strong>Rde\u010di u\u010dbeni\u0161ki komplet Angle\u0161\u010dina za cicibane<\/strong><\/a><\/h2>\n<p align=\"justify\">je namenjen otrokom od petega do sedmega leta. Te\u010daj je razdeljen na pet tematskih sklopov: About me, Numbers, My body, Colours, Animals. Otroci praznujejo: Christmas, Valentine&#8217;s Day, Carnival.<\/p>\n<h2 align=\"justify\"><a title=\"Oran\u017eni u\u010dbeni\u0161ki komplet Angle\u0161\u010dina za cicibane\" href=\"http:\/\/www.lingua.si\/2015\/zaloznistvo\/oranzni-ucbeniski-komplet-anglescina-za-cicibane\/\"><strong>Oran\u017eni u\u010dbeni\u0161ki komplet Angle\u0161\u010dina za cicibane<\/strong><\/a><\/h2>\n<p align=\"justify\">je za otroke od \u0161estega do osmega leta in je lahko za\u010detni ali pa nadaljevalni te\u010daj. V njem so obravnavane teme: Let&#8217;s play, Let&#8217;s colour and count, Let&#8217;s get dressed, Let&#8217;s eat and drink. Praznujemo: Hallowe&#8217;en, Christmas in Easter.<\/p>\n<h2 align=\"justify\"><a title=\"Rumeni u\u010dbeni\u0161ki komplet Angle\u0161\u010dina za cicibane\" href=\"http:\/\/www.lingua.si\/2015\/zaloznistvo\/rumeni-ucbeniski-komplet-anglescina-za-cicibane\/\"><strong>Rumeni u\u010dbeni\u0161ki komplet Angle\u0161\u010dina za cicibane<\/strong><\/a><\/h2>\n<p align=\"justify\">je za u\u010dence od sedmega do devetega leta, ki si poleg igre in komunikacije \u017ee \u017eelijo pisati. Delovni zvezek je napisan z velikimi tiskanimi \u010drkami. Te\u010daj je lahko za\u010detni ali nadaljevalni. Teme: My world, Numbers, At home, At school, Free time. Dodani so: Christmas in Mother&#8217;s Day , 4 letni \u010dasi, 2 Revision, 2 obrazca za opisno ocenjevanje.<\/p>\n<p align=\"justify\">V vsakem kompletu je:<\/p>\n<p align=\"justify\"><strong>Priro\u010dnik za u\u010ditelje<\/strong><br \/>\nPopolna priprava na vsako izmed 30 ur. Posamezna u\u010dna ura je razdeljena na:<\/p>\n<p>1. Uvodno motivacijo otrok za delo<br \/>\n2. Ponavljanje \u017ee znane snovi v obliki iger in gibalnih vaj<br \/>\n3. Predstavitev in u\u010denje nove snovi<br \/>\n4. Delo v delovnem zvezku, individualno delo u\u010ditelja z otrokom<\/p>\n<p align=\"justify\">Na zadnjih straneh priro\u010dnika je slikovni material, ki ga lahko u\u010ditelj kopira na debelej\u0161i papir, pobarva, za\u0161\u010diti s folijo in uporablja v razredu.<\/p>\n<p align=\"justify\"><strong>Delovni zvezek<\/strong><br \/>\nVsak delovni zvezek je razdeljen na 30 u\u010dnih enot. Otroci v delovnem zvezku barvajo, ri\u0161ejo, re\u0161ujejo uganke, igrajo razne igre in kasneje \u017ee berejo in pi\u0161ejo.<\/p>\n<p align=\"justify\">Rde\u010di in oran\u017eni delovni zvezek je pospremljen tudi s 30 stranmi Za star\u0161e, da lahko ti sproti zasledujejo, kaj se njihov otrok nau\u010di pri posamezni uri.<\/p>\n<p align=\"justify\">V rumenem delovnem zvezku u\u010denci \u017ee vadijo branje in pisanje besed in preprostih povedi. Pri vsaki u\u010dni uri lahko sposobnej\u0161i u\u010denci poleg osnovnih vaj delajo \u0161e dodatne.<\/p>\n<p align=\"justify\"><strong>Zgo\u0161\u010denka<\/strong><br \/>\nNa njej so posneti vsi dialogi, deklamacije in pesmi, ki so po vokalno-instrumentalni predstavitvi podane tudi v obliki karaok.<\/p>\n<p align=\"justify\"><strong>Didakti\u010dne lutke<\/strong><br \/>\nPun\u010dka Lucy in fantek Charlie uspe\u0161no pomagata pri sppro\u0161\u010denem u\u010denju angle\u0161\u010dine.<\/p>\n<p align=\"justify\"><strong>KAKO LAHKO NARO\u010cITE U\u010cBENI\u0160KE KOMPLETE? <\/strong><\/p>\n<p align=\"justify\">Po telefonu:<\/p>\n<ul>\n<li><strong>031\/606-210<\/strong><\/li>\n<\/ul>\n<p align=\"justify\">Z naro\u010dilnico na naslov:<\/p>\n<blockquote>\n<p align=\"justify\"><strong>Lingua, Jezikovna \u0161ola in storitve<\/strong><br \/>\nJanez Napotnik s.p.<br \/>\n<a href=\"http:\/\/zemljevid.najdi.si\/search.jsp?q=lingua+%C5%A1o%C5%A1tanj&amp;tab=maps&amp;x1=503868.0625&amp;y1=137188.375&amp;zoom=6000&amp;gx=503868&amp;gy=137188\" target=\"_blank\" rel=\"noopener\">Tovarni\u0161ka pot 2 a<\/a><br \/>\n3325 \u0160o\u0161tanj<\/p>\n<\/blockquote>\n<p align=\"justify\">Rok dobave je v 7 dneh od prejema naro\u010dila. Naro\u010dene knjige boste prejeli po po\u0161ti. Rok pla\u010dila za firme in \u0161ole je 15 dni, za posamezna naro\u010dila pa po povzetju ob dostavi knjige. Kupec ima pravico do reklamacije v roku 15 dni po prevzemu.<\/p>\n<p align=\"justify\"><strong>CENE ZA RDE\u010cI, ORAN\u017dNI IN RUMENI KOMPLET<\/strong><\/p>\n<table>\n<tbody>\n<tr>\n<td><img loading=\"lazy\" class=\"alignnone size-full wp-image-789\" src=\"http:\/\/www.lingua.si\/2015\/wp-content\/uploads\/2015\/03\/DSC03894.jpg\" alt=\"DSC03894\" width=\"201\" height=\"150\" \/><\/td>\n<td>Priro\u010dnik za u\u010ditelja Angle\u0161\u010dina za cicibane <strong>21,00 EUR<\/strong><\/td>\n<\/tr>\n<tr>\n<td><img loading=\"lazy\" class=\"alignnone size-full wp-image-788\" src=\"http:\/\/www.lingua.si\/2015\/wp-content\/uploads\/2015\/03\/DSC03830.jpg\" alt=\"DSC03830\" width=\"201\" height=\"150\" \/><\/td>\n<td>Delovni zvezek Angle\u0161\u010dina za cicibane <strong>12,00 EUR<\/strong><\/td>\n<\/tr>\n<tr>\n<td><img loading=\"lazy\" class=\"alignnone size-full wp-image-787\" src=\"http:\/\/www.lingua.si\/2015\/wp-content\/uploads\/2015\/03\/DSC03831.jpg\" alt=\"DSC03831\" width=\"201\" height=\"150\" \/><\/td>\n<td>Zgo\u0161\u010denka Angle\u0161\u010dina za cicibane 7<strong>,00 EUR<\/strong><\/td>\n<\/tr>\n<\/tbody>\n<\/table>\n<p align=\"justify\"><strong>REFERENCE<\/strong><\/p>\n<p align=\"justify\"><strong>U\u010dbenike so do sedaj \u017ee uporabljali: <\/strong>O\u0160 Ludvika Pliber\u0161ka Maribor, O\u0160 Komenda, LU Ko\u010devje, LU Roga\u0161ka Slatina, O\u0160 Raka, O\u0160 Se\u010dovlje, WIZARD d.o.o., O\u0160 Bratov Letonje \u0160martno ob Paki, jezikovna \u0161ola Jamex Celje, O\u0160 Dobova, O\u0160 Voli\u010dina, O\u0160 Drska, O\u0160 Mokronog, O\u0160 Kozje, O\u0160 Dobova, O\u0160 Re\u010dica ob Savinji, O\u0160 Antona Ingoli\u010da Pragersko, O\u0160 Menge\u0161, LU Slovenska Bistrica, O\u0160 Gustava \u0160iliha Velenje, O\u0160 Livada Ljubljana, O\u0160 Franceta Pre\u0161erna Maribor, O\u0160 Blanca, itd.<\/p>\n<p align=\"justify\"><strong>Katja Atel\u0161ek, prof. \u2013 O\u0160 Re\u010dica ob Savinji<\/strong>: Oran\u017eno in rumeno Angle\u0161\u010dino za cicibane sem uporabljala v 2. in 3. razredu. Z njima sem izredno zadovoljna, saj sta mi kot u\u010diteljici omogo\u010dila la\u017eje, predvsem pa bolj zabavno delo v razredu. Odli\u010den priro\u010dnik za u\u010ditelja v popolnih pripravah vsebuje \u0161tevilne izvirne ideje za bolj razgiban pouk in zelo uporaben fotokopirni material. Delovni zvezki so oblikovani na otrokom privla\u010den na\u010din in so dobrodo\u0161el pripomo\u010dek, ki u\u010ditelju \u0161e vedno pu\u0161\u010da dovolj proste roke. Posnetki na zgo\u0161\u010denki pouk dodatno popestrijo. Super!<br \/>\n<strong><br \/>\nSonja Gaji\u010d, prof. \u2013 jezikovna \u0161ola Jamex, Celje<\/strong>: U\u010dbeni\u0161ke komplete Angle\u0161\u010dina za cicibane smo v na\u0161i jezikovni \u0161oli uporabljali za otroke od 5. do 9. leta starosti. Odzivi si bili zelo dobri. Meni osebno so bili u\u010dbeniki v\u0161e\u010d, ker ima vsaka ura svojo stran, ker je snov pregledna in ni prenatrpana s podatki. Delovni zvezki so zastavljeni tako, da otroka vzpodbudijo k lastni ustvarjalnosti, saj ne ponuja \u017ee izdelanih barvnih slik. Star\u0161i so bili zadovoljni s stranmi, ki so bile namenjene njim. Vse stopnje Angle\u0161\u010dine za cicibane so didakti\u010dno zelo primerne in sodobno zgrajene. V vsaki enoti sistemati\u010dno uvajajo in razvijajo vse jezikovne zmo\u017enosti, ki so med seboj smiselno povezane. Na za\u010detku je najve\u010d poslu\u0161anja, nato govora in v rumenem delovnem zvezku postopno branja in pisanja. Sama zgradba u\u010dbenika daje u\u010ditelju zelo jasne smernice za delo, saj ga smiselno vodi skozi u\u010dne korake. U\u010ditelju je pri tem v veliko pomo\u010d priro\u010dnik, saj ponuja \u017ee izdelano pripravo na u\u010dno uro in dodan slikovni material in s tem u\u010ditelj resni\u010dno nima skoraj nobenega dodatnega dela. Dobro bi bilo, \u010de bi avtorica na podoben na\u010din ustvarila \u0161e u\u010dbenike za vi\u0161je stopnje, ker so zelo primerni za pou\u010devanje v jezikovnih \u0161olah, kjer smo \u010dasovno omejeni in izvajamo te\u010daje enkrat tedensko. Vse pohvale avtorici, ker se je lotila projekta in ponudila u\u010dbenik, ki sem ga na na\u0161em tr\u017ei\u0161\u010du pogre\u0161ala.<br \/>\n<strong><br \/>\nSlavica Klan\u010dnik, prof. \u2013 Wizard d.o.o.<\/strong>: S pou\u010devanjem angle\u0161\u010dine se ukvarjam \u017ee dolgo in s permanentnim izobra\u017eevanjem spremljam novosti. Vsa leta sem se v glavnem navdu\u0161evala za tuje, avtenti\u010dne u\u010dbenike, ko pa mi je pred leti pri\u0161el v roke u\u010dbeni\u0161ki komplet Angle\u0161\u010dina za cicibane, sem ga bila zelo vesela in takoj me je pritegnil za delo \u017ee z dvema generacijama mladih nadebudne\u017eev. Bogate izku\u0161nje so mi le \u0161e potrdile, da so prva leta u\u010denja jezika pomembna predvsem za senzibilizacijo in navdu\u0161enje za kasnej\u0161e u\u010denje in moram re\u010di, da tudi s tem u\u010dbenikom v veliki meri to tudi dosegam: izjemno zadovoljstvo u\u010dencev, star\u0161ev pa tudi lastno. Te\u010daj upo\u0161teva vse metodi\u010dno-didakti\u010dne posebnosti, potrebne za zgodnje u\u010denje in\u00a0 pou\u010devanje prvega tujega jezika, je eklekti\u010den (raznolik) in zelo bogat pripomo\u010dek za delo,\u00a0 star\u0161em pa nudi mo\u017enost za spro\u0161\u010deno in kvalitetno spremljanje otrokovega napredka. Fotokopirne strani (estetsko stilizirane slike) omogo\u010dajo izdelavo bogate banke pripomo\u010dkov za bogatenje besednega zaklada. Te\u010daj spodbuja vse \u0161tiri spretnosti: od poslu\u0161anja do kasnej\u0161ega pisanja, a vse primerno razvojni stopnji. V\u0161e\u010d so mi tudi priprave, ki omogo\u010dajo t.i. minimaliziran na\u010din (1 priprava 1 ura), kar pomeni, ne preve\u010d in ne premalo dejavnosti, a z mnogo variacijami. No toliko, pa \u0161e bi lahko dodala. Hvala avtorici za dobro opravljeno delo in le tako naprej!<\/p>\n","protected":false},"excerpt":{"rendered":"Serija treh u\u010dbeni\u0161kih kompletov Angle\u0161\u010dina za cicibane je namenjena otrokom od petega do devetega leta, ki se angle\u0161\u010dine u\u010dijo v jezikovnih \u0161olah, ljudskih univerzah, vrtcih in v prvi triadi devetletke. Rde\u010di u\u010dbeni\u0161ki komplet Angle\u0161\u010dina za cicibane je namenjen otrokom od petega do sedmega leta. Te\u010daj je razdeljen na pet tematskih sklopov: About me, Numbers, My[&#8230;]","protected":false},"author":1,"featured_media":0,"parent":786,"menu_order":2,"comment_status":"closed","ping_status":"closed","template":"","meta":[],"_links":{"self":[{"href":"https:\/\/www.lingua.si\/2015\/wp-json\/wp\/v2\/pages\/1153"}],"collection":[{"href":"https:\/\/www.lingua.si\/2015\/wp-json\/wp\/v2\/pages"}],"about":[{"href":"https:\/\/www.lingua.si\/2015\/wp-json\/wp\/v2\/types\/page"}],"author":[{"embeddable":true,"href":"https:\/\/www.lingua.si\/2015\/wp-json\/wp\/v2\/users\/1"}],"replies":[{"embeddable":true,"href":"https:\/\/www.lingua.si\/2015\/wp-json\/wp\/v2\/comments?post=1153"}],"version-history":[{"count":5,"href":"https:\/\/www.lingua.si\/2015\/wp-json\/wp\/v2\/pages\/1153\/revisions"}],"predecessor-version":[{"id":1912,"href":"https:\/\/www.lingua.si\/2015\/wp-json\/wp\/v2\/pages\/1153\/revisions\/1912"}],"up":[{"embeddable":true,"href":"https:\/\/www.lingua.si\/2015\/wp-json\/wp\/v2\/pages\/786"}],"wp:attachment":[{"href":"https:\/\/www.lingua.si\/2015\/wp-json\/wp\/v2\/media?parent=1153"}],"curies":[{"name":"wp","href":"https:\/\/api.w.org\/{rel}","templated":true}]}}