{"id":1251,"date":"2015-08-20T22:55:51","date_gmt":"2015-08-20T22:55:51","guid":{"rendered":"http:\/\/www.lingua.si\/2015\/?page_id=1251"},"modified":"2017-04-06T10:51:41","modified_gmt":"2017-04-06T10:51:41","slug":"tiptoes-za-1-razred","status":"publish","type":"page","link":"https:\/\/www.lingua.si\/2015\/zaloznistvo\/tiptoes\/tiptoes-za-1-razred\/","title":{"rendered":"Tiptoes za 1. razred"},"content":{"rendered":"<h1><strong>TIPTOES angle\u0161\u010dina za 1. razred osnovne \u0161ole<\/strong><\/h1>\n<p><strong>70 urni u\u010dbeni\u0161ki komplet<\/strong> je narejen po u\u010dnem na\u010drtu, v njem pa se prepletajo vsebine iz drugih predmetov po u\u010dni metodi CLIL.<\/p>\n<p>&nbsp;<\/p>\n<h1>Medpredmetne povezave<\/h1>\n<p>U\u010denje angle\u0161\u010dine po kompletu <em>Tipoes<\/em> vklju\u010duje <strong>medpredmetne povezave<\/strong> iz <strong>spoznavanja okolja<\/strong> (letni \u010dasi, vreme, promet, \u0161ola, dru\u017eina, prazniki in \u0161ege ob njih, telo, hrana, \u017eivljenjska okolja \u2026), <strong>matematike<\/strong> (\u0161tevilke do 10, pre\u0161tevanje predmetov, se\u0161tevanje in od\u0161tevanje, liki \u2026), <strong>sloven\u0161\u010dine <\/strong>(vljudnostne fraze, pozdravi, zgodbe, pravlji\u010dni junaki, Shakespeare, deklamacije, dialogi <strong>\u2026), glasbene umetnosti<\/strong> (tradicionalne in druge pesmi, ritmi\u010dne deklamacije, plesne igre \u2026), <strong>likovne umetnosti<\/strong> (risanje, barvanje, dopolnjevanje risb, risanje in barvanje po navodilih, izdelava mask, \u010destitk \u2026) in <strong>\u0161portne vzgoje<\/strong> (gibanje telesa, opona\u0161anje gibanja vozil in \u017eivali, orientacija v prostoru, plesne koreografije, igre na dvori\u0161\u010du \u2026).<\/p>\n<p>&nbsp;<\/p>\n<h1><strong>Zakaj izbrati<\/strong> <strong><em>Tiptoes? <\/em><\/strong><\/h1>\n<ul>\n<li><strong>U\u010denci<\/strong> bodo u\u017eivali v u\u010denju jezika, saj ga bodo spoznavali skozi igro, komunikacijo, dramatizacijo, z aktivnimi vajami,\u00a0 petjem in kreativnostjo.<\/li>\n<li><strong>U\u010ditelji<\/strong> bodo na\u0161li v priro\u010dniku natan\u010dna navodila za izvedbo posameznih ur, z uvodom v uro,\u00a0 ponovitvenimi vajami in razli\u010dnimi na\u010dini uvajanja nove snovi. Priprave na u\u010dno uro bodo kratke, ure pa zanimive.<\/li>\n<li><strong>Star\u0161i<\/strong> bodo seznanjeni s tem, kaj se otroci u\u010dijo v \u0161oli. Vsaka stran v delovnem u\u010dbeniku ima spodaj napisano to, kar so se otroci pri posamezni uri nau\u010dili.<\/li>\n<\/ul>\n<p>&nbsp;<\/p>\n<h1><strong>Recenzija:<\/strong><\/h1>\n<ul>\n<li>Recenzenta kompletov sta dr. Janez Skela in dr. Zlatka Cugmas.<\/li>\n<\/ul>\n<p>&nbsp;<\/p>\n<h1><strong>Sestavni deli u\u010dbeni\u0161kega kompleta <em>Tiptoes<\/em><\/strong><\/h1>\n<p><strong>Delovni u\u010dbenik<\/strong>:<\/p>\n<ul>\n<li>70 zanimivih in pestrih ur<\/li>\n<li>povratne informacije za u\u010dence<\/li>\n<li>zgo\u0161\u010denka s pesmimi<\/li>\n<li>strani za opisno ocenjevanje<\/li>\n<li><a href=\"http:\/\/www.lingua.si\/2015\/izdelek\/tiptoes-1-delovni-ucbenik\/\">VE\u010c<\/a><\/li>\n<\/ul>\n<p><strong>U\u010dbenik<\/strong>:<\/p>\n<ul>\n<li>barvne ilustracije<\/li>\n<li>dodatne vaje za u\u010dence<\/li>\n<li>uvajanje nove snovi z barvnimi slikami<\/li>\n<li>vaje ponavljanja<\/li>\n<li><a href=\"http:\/\/www.lingua.si\/2015\/izdelek\/tiptoes-1-ucbenik\/\">VE\u010c<\/a><\/li>\n<\/ul>\n<p><strong>Priro\u010dnik za u\u010ditelja:\u00a0\u00a0\u00a0\u00a0\u00a0 <\/strong><\/p>\n<ul>\n<li>70 zanimivih in pestrih ur<\/li>\n<li>popolna priprava na posamezno uro<\/li>\n<li>medpredmetne povezave z vsemi predmeti<\/li>\n<li>u\u010denje angle\u0161\u010dine v u\u010dilnici ali na igri\u0161\u010du<\/li>\n<li>zanimive igre, zgodbe, dialogi, pesmi in deklamacije<\/li>\n<li><a href=\"http:\/\/www.lingua.si\/2015\/izdelek\/tiptoes-1-prirocnik-za-ucitelja\/\">VE\u010c<\/a><\/li>\n<\/ul>\n<p><strong>Zgo\u0161\u010denka za u\u010ditelja<\/strong>:<\/p>\n<ul>\n<li>34 zvo\u010dnih zapisov pesmi, dialogov, zgodb in deklamacij<\/li>\n<li>fotokopirni slikovni material<\/li>\n<li><a href=\"http:\/\/www.lingua.si\/2015\/izdelek\/tiptoes-1-zgoscenka-za-ucitelja\/\">VE\u010c<\/a><\/li>\n<\/ul>\n<p><strong>Didakti\u010dni lutki:\u00a0\u00a0\u00a0\u00a0\u00a0\u00a0\u00a0\u00a0\u00a0\u00a0\u00a0\u00a0\u00a0\u00a0 <\/strong><\/p>\n<ul>\n<li><a href=\"http:\/\/www.lingua.si\/2015\/izdelek\/tiptoes-lutka-lily\/\">Lily<\/a> in <a href=\"http:\/\/www.lingua.si\/2015\/izdelek\/tiptoes-lutka-bill\/\">Bill<\/a><\/li>\n<\/ul>\n<p>&nbsp;<\/p>\n","protected":false},"excerpt":{"rendered":"TIPTOES angle\u0161\u010dina za 1. razred osnovne \u0161ole 70 urni u\u010dbeni\u0161ki komplet je narejen po u\u010dnem na\u010drtu, v njem pa se prepletajo vsebine iz drugih predmetov po u\u010dni metodi CLIL. &nbsp; Medpredmetne povezave U\u010denje angle\u0161\u010dine po kompletu Tipoes vklju\u010duje medpredmetne povezave iz spoznavanja okolja (letni \u010dasi, vreme, promet, \u0161ola, dru\u017eina, prazniki in \u0161ege ob njih, telo,[&#8230;]","protected":false},"author":1,"featured_media":0,"parent":1154,"menu_order":0,"comment_status":"closed","ping_status":"closed","template":"","meta":[],"_links":{"self":[{"href":"https:\/\/www.lingua.si\/2015\/wp-json\/wp\/v2\/pages\/1251"}],"collection":[{"href":"https:\/\/www.lingua.si\/2015\/wp-json\/wp\/v2\/pages"}],"about":[{"href":"https:\/\/www.lingua.si\/2015\/wp-json\/wp\/v2\/types\/page"}],"author":[{"embeddable":true,"href":"https:\/\/www.lingua.si\/2015\/wp-json\/wp\/v2\/users\/1"}],"replies":[{"embeddable":true,"href":"https:\/\/www.lingua.si\/2015\/wp-json\/wp\/v2\/comments?post=1251"}],"version-history":[{"count":7,"href":"https:\/\/www.lingua.si\/2015\/wp-json\/wp\/v2\/pages\/1251\/revisions"}],"predecessor-version":[{"id":1679,"href":"https:\/\/www.lingua.si\/2015\/wp-json\/wp\/v2\/pages\/1251\/revisions\/1679"}],"up":[{"embeddable":true,"href":"https:\/\/www.lingua.si\/2015\/wp-json\/wp\/v2\/pages\/1154"}],"wp:attachment":[{"href":"https:\/\/www.lingua.si\/2015\/wp-json\/wp\/v2\/media?parent=1251"}],"curies":[{"name":"wp","href":"https:\/\/api.w.org\/{rel}","templated":true}]}}