{"id":1335,"date":"2016-04-12T15:46:30","date_gmt":"2016-04-12T15:46:30","guid":{"rendered":"http:\/\/www.lingua.si\/2015\/?page_id=1335"},"modified":"2017-04-06T10:51:38","modified_gmt":"2017-04-06T10:51:38","slug":"tiptoes-za-3-razred-novo","status":"publish","type":"page","link":"https:\/\/www.lingua.si\/2015\/zaloznistvo\/tiptoes\/tiptoes-za-3-razred-novo\/","title":{"rendered":"Tiptoes za 3. razred"},"content":{"rendered":"<h1><strong>TIPTOES angle\u0161\u010dina za 3. razred osnovne \u0161ole<\/strong><\/h1>\n<p><strong>70 urni u\u010dbeni\u0161ki komplet<\/strong> je narejen po u\u010dnem na\u010drtu , v njem pa se prepletajo vsebine iz drugih predmetov po u\u010dni metodi CLIL.<\/p>\n<p><strong><em>Tiptoes <\/em><\/strong>vklju\u010duje medpredmetne povezave iz <strong>spoznavanja okolja<\/strong> (poklici, hobiji, promet, kolesarjenje, opis \u017eivali, letni \u010dasi, meseci, zdrava prehrana, \u010dutila, \u017eivljenjski krog \u010dloveka, \u017eivljenjski krog metulja, Slovenija, deli dneva, dnevi, prazniki, vreme, ura, na de\u017eeli, v mestu, v parku, morje in kontinenti), <strong>matematike<\/strong> (\u0161tevila do 100, po\u0161tevanka, se\u0161tevanje, od\u0161tevanje, liki in telesa, merjenje, matematika na igri\u0161\u010du), <strong>sloven\u0161\u010dine<\/strong> (osebni zaimki, angle\u0161ka imena, abeceda, deklamacije, zgodbe, pravljice, ljubezenska poezija, dialogi, pripovedovanje), <strong>glasbene umetnosti<\/strong> (tematske pesmi, prazni\u010dne pesmi, domoljubna pesem), <strong>likovne umetnosti<\/strong> (risanje, barvanje po navodilih, me\u0161anje barv, vrste barv, izdelava mask, \u010destitk) in <strong>\u0161portne vzgoje<\/strong> (naravne oblike gibanja, gibanje telesa, \u0161tafetne igre, \u0161portne prvine, tematske igre, nogomet, \u0161port v povezavi z drugimi predmeti). Delovnemu u\u010dbeniku je dodana zgo\u0161\u010denka za u\u010dence s pesmimi. U\u010ditelj dobi letno pripravo, vzor\u010dne teste in dodatne vaje na spletu.<\/p>\n<h1><strong>Zakaj izbrati<\/strong> <strong><em>Tiptoes? <\/em><\/strong><\/h1>\n<ul>\n<li><strong>U\u010denci<\/strong> bodo u\u017eivali v u\u010denju jezika, saj ga bodo spoznavali skozi igro, komunikacijo, dramatizacijo, z aktivnimi vajami, s petjem in kreativnostjo.<\/li>\n<li><strong>U\u010ditelji<\/strong> bodo na\u0161li v priro\u010dniku natan\u010dna navodila za izvedbo posameznih ur z uvodom v uro, s ponovitvenimi vajami in z razli\u010dnimi na\u010dini uvajanja nove snovi. Priprave u\u010ditelja na u\u010dno uro bodo kratke, u\u010dne ure pa zanimive.<\/li>\n<li><strong>Star\u0161i<\/strong> bodo seznanjeni s tem, kaj se njihovi otroci v \u0161oli u\u010dijo. Vsaka stran v delovnem zvezku ima spodaj v sivem napisano to, kar so se otroci ustno nau\u010dili pri posamezni uri.<\/li>\n<\/ul>\n<h1><strong>Recenzija:<\/strong><\/h1>\n<ul>\n<li>Recenzenta kompletov sta dr. Janez Skela in dr. Zlatka Cugmas.<\/li>\n<\/ul>\n<h1><strong>Sestavni deli u\u010dbeni\u0161kega kompleta <em>Tiptoes<\/em><\/strong><\/h1>\n<p><strong>Delovni u\u010dbenik<\/strong>:<\/p>\n<ul>\n<li>zanimive in pestre u\u010dne ure za u\u010dence; povratne informacije za star\u0161e;<\/li>\n<li>dodana zgo\u0161\u010denka s pesmimi<\/li>\n<li><a href=\"http:\/\/www.lingua.si\/2015\/izdelek\/tiptoes-3-delovni-ucbenik\/\">VE\u010c<\/a><\/li>\n<\/ul>\n<p><strong>U\u010dbenik<\/strong>:<\/p>\n<ul>\n<li>barvne ilustracije<\/li>\n<li>dodatne vaje za u\u010dence<\/li>\n<li>uvajanje nove snovi z barvnimi slikami<\/li>\n<li>vaje ponavljanja<\/li>\n<li><a href=\"http:\/\/www.lingua.si\/2015\/izdelek\/tiptoes-3-ucbenik\/\">VE\u010c<\/a><\/li>\n<\/ul>\n<p><strong>Priro\u010dnik za u\u010ditelja:\u00a0\u00a0\u00a0\u00a0\u00a0 <\/strong><\/p>\n<ul>\n<li>popolna priprava za posamezno uro<\/li>\n<li>medpredmetne povezave<\/li>\n<li>operativni cilji<\/li>\n<li>navodila za \u0161portne ure<\/li>\n<li>navodila za kreativne delavnice<\/li>\n<li>navodila za prazni\u010dne ure<\/li>\n<li><a href=\"http:\/\/www.lingua.si\/2015\/izdelek\/tiptoes-3-prirocnik-za-ucitelja\/\">VE\u010c<\/a><\/li>\n<\/ul>\n<p><strong>Zgo\u0161\u010denka za u\u010ditelja<\/strong>:<\/p>\n<ul>\n<li>pesmi, deklamacije, dialogi, zgodbe; slikovni material<\/li>\n<li>SEZNAM POSNETKOV<\/li>\n<li><a href=\"http:\/\/www.lingua.si\/2015\/izdelek\/tiptoes-3-zgoscenka-za-ucitelja\/\">VE\u010c<\/a><\/li>\n<\/ul>\n<p><strong>Didakti\u010dni lutki:\u00a0\u00a0\u00a0\u00a0\u00a0\u00a0\u00a0\u00a0\u00a0\u00a0\u00a0\u00a0\u00a0\u00a0 <\/strong><\/p>\n<ul>\n<li><a href=\"http:\/\/www.lingua.si\/2015\/izdelek\/tiptoes-lutka-lily\/\">Lily<\/a> in <a href=\"http:\/\/www.lingua.si\/2015\/izdelek\/tiptoes-lutka-bill\/\">Bill<\/a><\/li>\n<\/ul>\n<p>&nbsp;<\/p>\n<p><strong>KORISTNE POVEZAVE<\/strong> tukaj<\/p>\n<p><strong>TESTI<\/strong><\/p>\n<p>Letni u\u010dni na\u010drt<\/p>\n","protected":false},"excerpt":{"rendered":"TIPTOES angle\u0161\u010dina za 3. razred osnovne \u0161ole 70 urni u\u010dbeni\u0161ki komplet je narejen po u\u010dnem na\u010drtu , v njem pa se prepletajo vsebine iz drugih predmetov po u\u010dni metodi CLIL. Tiptoes vklju\u010duje medpredmetne povezave iz spoznavanja okolja (poklici, hobiji, promet, kolesarjenje, opis \u017eivali, letni \u010dasi, meseci, zdrava prehrana, \u010dutila, \u017eivljenjski krog \u010dloveka, \u017eivljenjski krog metulja,[&#8230;]","protected":false},"author":1,"featured_media":0,"parent":1154,"menu_order":0,"comment_status":"closed","ping_status":"closed","template":"","meta":[],"_links":{"self":[{"href":"https:\/\/www.lingua.si\/2015\/wp-json\/wp\/v2\/pages\/1335"}],"collection":[{"href":"https:\/\/www.lingua.si\/2015\/wp-json\/wp\/v2\/pages"}],"about":[{"href":"https:\/\/www.lingua.si\/2015\/wp-json\/wp\/v2\/types\/page"}],"author":[{"embeddable":true,"href":"https:\/\/www.lingua.si\/2015\/wp-json\/wp\/v2\/users\/1"}],"replies":[{"embeddable":true,"href":"https:\/\/www.lingua.si\/2015\/wp-json\/wp\/v2\/comments?post=1335"}],"version-history":[{"count":6,"href":"https:\/\/www.lingua.si\/2015\/wp-json\/wp\/v2\/pages\/1335\/revisions"}],"predecessor-version":[{"id":1677,"href":"https:\/\/www.lingua.si\/2015\/wp-json\/wp\/v2\/pages\/1335\/revisions\/1677"}],"up":[{"embeddable":true,"href":"https:\/\/www.lingua.si\/2015\/wp-json\/wp\/v2\/pages\/1154"}],"wp:attachment":[{"href":"https:\/\/www.lingua.si\/2015\/wp-json\/wp\/v2\/media?parent=1335"}],"curies":[{"name":"wp","href":"https:\/\/api.w.org\/{rel}","templated":true}]}}