{"id":809,"date":"2015-03-01T10:49:08","date_gmt":"2015-03-01T10:49:08","guid":{"rendered":"http:\/\/www.lingua.si\/2015\/?page_id=809"},"modified":"2022-07-04T09:26:06","modified_gmt":"2022-07-04T09:26:06","slug":"oranzni-ucbeniski-komplet-anglescina-za-cicibane","status":"publish","type":"page","link":"https:\/\/www.lingua.si\/2015\/zaloznistvo\/anglescina-za-cicibane\/oranzni-ucbeniski-komplet-anglescina-za-cicibane\/","title":{"rendered":"Angle\u0161\u010dina za cicibane &#8211; oran\u017eni u\u010dbeni\u0161ki komplet"},"content":{"rendered":"<p><img loading=\"lazy\" class=\"alignnone size-full wp-image-788\" src=\"http:\/\/www.lingua.si\/2015\/wp-content\/uploads\/2015\/03\/DSC03830.jpg\" alt=\"DSC03830\" width=\"201\" height=\"150\" \/><\/p>\n<p>Oran\u017eni u\u010dbeni\u0161ki komplet Angle\u0161\u010dina za cicibane je za otroke od \u0161estega do osmega leta in je lahko za\u010detni ali pa nadaljevalni te\u010daj. V njem so obravnavane teme: Let&#8217;s play, Let&#8217;s colour and count, Let&#8217;s get dressed, Let&#8217;s eat and drink. Praznujemo: Hallowe&#8217;en, Christmas in Easter.<br \/>\nV vsakem kompletu je:<\/p>\n<p>Priro\u010dnik za u\u010ditelje<br \/>\nPopolna priprava na vsako izmed 30 ur. Posamezna u\u010dna ura je razdeljena na:<\/p>\n<p>1. Uvodno motivacijo otrok za delo<\/p>\n<p>2. Ponavljanje \u017ee znane snovi v obliki iger in gibalnih vaj<br \/>\n3. Predstavitev in u\u010denje nove snovi<br \/>\n4. Delo v delovnem zvezku, individualno delo u\u010ditelja z otrokom<\/p>\n<p>Na zadnjih straneh priro\u010dnika je slikovni material, ki ga lahko u\u010ditelj kopira na debelej\u0161i papir, pobarva, za\u0161\u010diti s folijo in uporablja v razredu.<\/p>\n<p>Delovni zvezek<br \/>\nVsak delovni zvezek je razdeljen na 30 u\u010dnih enot. Otroci v delovnem zvezku barvajo, ri\u0161ejo, re\u0161ujejo uganke, igrajo razne igre in kasneje \u017ee berejo in pi\u0161ejo.<\/p>\n<p>Rde\u010di in oran\u017eni delovni zvezek je pospremljen tudi s 30 stranmi Za star\u0161e, da lahko ti sproti zasledujejo, kaj se njihov otrok nau\u010di pri posamezni uri.<\/p>\n<p>Zgo\u0161\u010denka<br \/>\nNa njej so posneti vsi dialogi, deklamacije in pesmi, ki so po vokalno-instrumentalni predstavitvi podane tudi v obliki karaok.<\/p>\n<p>KAKO LAHKO NARO\u010cITE U\u010cBENI\u0160KE KOMPLETE?<\/p>\n<p>Po telefonu: 03 891 13 15 ali 031 606 210<br \/>\nZ naro\u010dilnico na naslov: Lingua, Jezikovna \u0161ola in storitve<br \/>\nJanez Napotnik s.p.<br \/>\nTovarni\u0161ka pot 2 a<br \/>\n3325 \u0160o\u0161tanj<\/p>\n<p>Rok dobave je v 7 dneh od prejema naro\u010dila. Naro\u010dene knjige boste prejeli po po\u0161ti. Rok pla\u010dila za firme in \u0161ole je 15 dni, za posamezna naro\u010dila pa po povzetju ob dostavi knjige. Kupec ima pravico do reklamacije v roku 15 dni po prevzemu.<\/p>\n<p>CENE ZA RDE\u010cI, ORAN\u017dNI IN RUMENI KOMPLET<\/p>\n<ul>\n<li>Priro\u010dnik za u\u010ditelja Angle\u0161\u010dina za cicibane 21,00 EUR<\/li>\n<li>Delovni zvezek Angle\u0161\u010dina za cicibane 12,00 EUR<\/li>\n<li>Zgo\u0161\u010denka Angle\u0161\u010dina za cicibane 7,00 EUR<\/li>\n<\/ul>\n<div align=\"center\"><a title=\"Zalo\u017eni\u0161tvo\" href=\"http:\/\/www.lingua.si\/2015\/zaloznistvo\/\">Celotna predstavitev zalo\u017eni\u0161kega programa Jezikovne \u0161ole Lingua!<\/a><\/div>\n","protected":false},"excerpt":{"rendered":"Oran\u017eni u\u010dbeni\u0161ki komplet Angle\u0161\u010dina za cicibane je za otroke od \u0161estega do osmega leta in je lahko za\u010detni ali pa nadaljevalni te\u010daj. V njem so obravnavane teme: Let&#8217;s play, Let&#8217;s colour and count, Let&#8217;s get dressed, Let&#8217;s eat and drink. Praznujemo: Hallowe&#8217;en, Christmas in Easter. V vsakem kompletu je: Priro\u010dnik za u\u010ditelje Popolna priprava na[&#8230;]","protected":false},"author":1,"featured_media":0,"parent":1153,"menu_order":2,"comment_status":"closed","ping_status":"closed","template":"","meta":[],"_links":{"self":[{"href":"https:\/\/www.lingua.si\/2015\/wp-json\/wp\/v2\/pages\/809"}],"collection":[{"href":"https:\/\/www.lingua.si\/2015\/wp-json\/wp\/v2\/pages"}],"about":[{"href":"https:\/\/www.lingua.si\/2015\/wp-json\/wp\/v2\/types\/page"}],"author":[{"embeddable":true,"href":"https:\/\/www.lingua.si\/2015\/wp-json\/wp\/v2\/users\/1"}],"replies":[{"embeddable":true,"href":"https:\/\/www.lingua.si\/2015\/wp-json\/wp\/v2\/comments?post=809"}],"version-history":[{"count":3,"href":"https:\/\/www.lingua.si\/2015\/wp-json\/wp\/v2\/pages\/809\/revisions"}],"predecessor-version":[{"id":1909,"href":"https:\/\/www.lingua.si\/2015\/wp-json\/wp\/v2\/pages\/809\/revisions\/1909"}],"up":[{"embeddable":true,"href":"https:\/\/www.lingua.si\/2015\/wp-json\/wp\/v2\/pages\/1153"}],"wp:attachment":[{"href":"https:\/\/www.lingua.si\/2015\/wp-json\/wp\/v2\/media?parent=809"}],"curies":[{"name":"wp","href":"https:\/\/api.w.org\/{rel}","templated":true}]}}