{"id":1111,"date":"2015-03-22T16:35:54","date_gmt":"2015-03-22T16:35:54","guid":{"rendered":"http:\/\/www.lingua.si\/2015\/?post_type=product&#038;p=1111"},"modified":"2015-04-07T10:54:06","modified_gmt":"2015-04-07T10:54:06","slug":"anglescinca-za-cicibane-cd-red","status":"publish","type":"product","link":"https:\/\/www.lingua.si\/2015\/izdelek\/anglescinca-za-cicibane-cd-red\/","title":{"rendered":"Angle\u0161\u010dinca za cicibane &#8211; rde\u010da zgo\u0161\u010denka"},"content":{"rendered":"<p>\u0160t. posnetkov: 19<\/p>\n<p>&nbsp;<\/p>\n<p><strong>Lidia Napotnik<\/strong><\/p>\n<p><strong>ANGLE\u0160\u010cINA ZA CICIBANE rde\u010da zgo\u0161\u010denka<\/strong><\/p>\n<ul>\n<li>za u\u010dence od 5 do 7 let<\/li>\n<li>19 pesmi in deklamacij<\/li>\n<li>karaoke<\/li>\n<\/ul>\n","protected":false},"excerpt":{"rendered":"\u0160t. posnetkov: 19 &nbsp; Lidia Napotnik ANGLE\u0160\u010cINA ZA CICIBANE rde\u010da zgo\u0161\u010denka za u\u010dence od 5 do 7 let 19 pesmi in deklamacij karaoke","protected":false},"featured_media":1215,"template":"","meta":[],"product_cat":[36],"product_tag":[],"_links":{"self":[{"href":"https:\/\/www.lingua.si\/2015\/wp-json\/wp\/v2\/product\/1111"}],"collection":[{"href":"https:\/\/www.lingua.si\/2015\/wp-json\/wp\/v2\/product"}],"about":[{"href":"https:\/\/www.lingua.si\/2015\/wp-json\/wp\/v2\/types\/product"}],"wp:featuredmedia":[{"embeddable":true,"href":"https:\/\/www.lingua.si\/2015\/wp-json\/wp\/v2\/media\/1215"}],"wp:attachment":[{"href":"https:\/\/www.lingua.si\/2015\/wp-json\/wp\/v2\/media?parent=1111"}],"wp:term":[{"taxonomy":"product_cat","embeddable":true,"href":"https:\/\/www.lingua.si\/2015\/wp-json\/wp\/v2\/product_cat?post=1111"},{"taxonomy":"product_tag","embeddable":true,"href":"https:\/\/www.lingua.si\/2015\/wp-json\/wp\/v2\/product_tag?post=1111"}],"curies":[{"name":"wp","href":"https:\/\/api.w.org\/{rel}","templated":true}]}}