{"id":1115,"date":"2015-03-22T16:42:57","date_gmt":"2015-03-22T16:42:57","guid":{"rendered":"http:\/\/www.lingua.si\/2015\/?post_type=product&#038;p=1115"},"modified":"2015-08-20T23:18:14","modified_gmt":"2015-08-20T23:18:14","slug":"anglescina-za-cicibane-delovni-zvezek-red","status":"publish","type":"product","link":"https:\/\/www.lingua.si\/2015\/izdelek\/anglescina-za-cicibane-delovni-zvezek-red\/","title":{"rendered":"Angle\u0161\u010dina za cicibane &#8211; rde\u010di delovni zvezek"},"content":{"rendered":"<p>\u0160t. strani: 62<\/p>\n<p>Velikost: A4<\/p>\n<p>Dimenzije: 21 X 29,6 x 0,5 cm<\/p>\n<p>Te\u017ea: 180 g<\/p>\n<p>ISBN: 961-91447-1-6<\/p>\n<p>&nbsp;<\/p>\n<p><strong>Lidia Napotnik<\/strong><\/p>\n<p><strong>ANGLE\u0160\u010cINA ZA CICIBANE rde\u010di delovni zvezek<\/strong><\/p>\n<ul>\n<li>za u\u010dence od 5 do 7 let<\/li>\n<li>30 zanimivih u\u010dnih ur<\/li>\n<li>povratne informacije za star\u0161e<\/li>\n<\/ul>\n","protected":false},"excerpt":{"rendered":"\u0160t. strani: 62 Velikost: A4 Dimenzije: 21 X 29,6 x 0,5 cm Te\u017ea: 180 g ISBN: 961-91447-1-6 &nbsp; Lidia Napotnik ANGLE\u0160\u010cINA ZA CICIBANE rde\u010di delovni zvezek za u\u010dence od 5 do 7 let 30 zanimivih u\u010dnih ur povratne informacije za star\u0161e","protected":false},"featured_media":1202,"template":"","meta":[],"product_cat":[36],"product_tag":[],"_links":{"self":[{"href":"https:\/\/www.lingua.si\/2015\/wp-json\/wp\/v2\/product\/1115"}],"collection":[{"href":"https:\/\/www.lingua.si\/2015\/wp-json\/wp\/v2\/product"}],"about":[{"href":"https:\/\/www.lingua.si\/2015\/wp-json\/wp\/v2\/types\/product"}],"wp:featuredmedia":[{"embeddable":true,"href":"https:\/\/www.lingua.si\/2015\/wp-json\/wp\/v2\/media\/1202"}],"wp:attachment":[{"href":"https:\/\/www.lingua.si\/2015\/wp-json\/wp\/v2\/media?parent=1115"}],"wp:term":[{"taxonomy":"product_cat","embeddable":true,"href":"https:\/\/www.lingua.si\/2015\/wp-json\/wp\/v2\/product_cat?post=1115"},{"taxonomy":"product_tag","embeddable":true,"href":"https:\/\/www.lingua.si\/2015\/wp-json\/wp\/v2\/product_tag?post=1115"}],"curies":[{"name":"wp","href":"https:\/\/api.w.org\/{rel}","templated":true}]}}