{"id":1121,"date":"2015-03-22T16:48:48","date_gmt":"2015-03-22T16:48:48","guid":{"rendered":"http:\/\/www.lingua.si\/2015\/?post_type=product&#038;p=1121"},"modified":"2015-04-07T10:53:40","modified_gmt":"2015-04-07T10:53:40","slug":"anglescina-za-cicibane-cd-orange","status":"publish","type":"product","link":"https:\/\/www.lingua.si\/2015\/izdelek\/anglescina-za-cicibane-cd-orange\/","title":{"rendered":"Angle\u0161\u010dina za cicibane &#8211; oran\u017ena zgo\u0161\u010denka"},"content":{"rendered":"<p>\u0160t. posnetkov:\u00a0 10<\/p>\n<p>&nbsp;<\/p>\n<p><strong>Lidia Napotnik<\/strong><\/p>\n<p><strong>ANGLE\u0160\u010cINA ZA CICIBANE oran\u017ena zgo\u0161\u010denka<\/strong><\/p>\n<ul>\n<li>za u\u010dence od 6 do 8 let<\/li>\n<li>10 pesmi in deklamacij<\/li>\n<li>karaoke<\/li>\n<\/ul>\n","protected":false},"excerpt":{"rendered":"\u0160t. posnetkov:\u00a0 10 &nbsp; Lidia Napotnik ANGLE\u0160\u010cINA ZA CICIBANE oran\u017ena zgo\u0161\u010denka za u\u010dence od 6 do 8 let 10 pesmi in deklamacij karaoke","protected":false},"featured_media":1214,"template":"","meta":[],"product_cat":[36],"product_tag":[],"_links":{"self":[{"href":"https:\/\/www.lingua.si\/2015\/wp-json\/wp\/v2\/product\/1121"}],"collection":[{"href":"https:\/\/www.lingua.si\/2015\/wp-json\/wp\/v2\/product"}],"about":[{"href":"https:\/\/www.lingua.si\/2015\/wp-json\/wp\/v2\/types\/product"}],"wp:featuredmedia":[{"embeddable":true,"href":"https:\/\/www.lingua.si\/2015\/wp-json\/wp\/v2\/media\/1214"}],"wp:attachment":[{"href":"https:\/\/www.lingua.si\/2015\/wp-json\/wp\/v2\/media?parent=1121"}],"wp:term":[{"taxonomy":"product_cat","embeddable":true,"href":"https:\/\/www.lingua.si\/2015\/wp-json\/wp\/v2\/product_cat?post=1121"},{"taxonomy":"product_tag","embeddable":true,"href":"https:\/\/www.lingua.si\/2015\/wp-json\/wp\/v2\/product_tag?post=1121"}],"curies":[{"name":"wp","href":"https:\/\/api.w.org\/{rel}","templated":true}]}}