{"id":1123,"date":"2015-03-22T16:53:11","date_gmt":"2015-03-22T16:53:11","guid":{"rendered":"http:\/\/www.lingua.si\/2015\/?post_type=product&#038;p=1123"},"modified":"2015-04-07T10:53:17","modified_gmt":"2015-04-07T10:53:17","slug":"anglescina-za-cicibane-cd-yellow","status":"publish","type":"product","link":"https:\/\/www.lingua.si\/2015\/izdelek\/anglescina-za-cicibane-cd-yellow\/","title":{"rendered":"Angle\u0161\u010dina za cicibane &#8211; rumena zgo\u0161\u010denka"},"content":{"rendered":"<p>\u0160t. posnetkov:\u00a0 11<\/p>\n<p>&nbsp;<\/p>\n<p><strong>Lidia Napotnik<\/strong><\/p>\n<p><strong>ANGLE\u0160\u010cINA ZA CICIBANE rumena zgo\u0161\u010denka<\/strong><\/p>\n<ul>\n<li>za u\u010dence od 7 do 9 let<\/li>\n<li>11 pesmi in deklamacij in dialogov<\/li>\n<li>karaoke<\/li>\n<\/ul>\n","protected":false},"excerpt":{"rendered":"\u0160t. posnetkov:\u00a0 11 &nbsp; Lidia Napotnik ANGLE\u0160\u010cINA ZA CICIBANE rumena zgo\u0161\u010denka za u\u010dence od 7 do 9 let 11 pesmi in deklamacij in dialogov karaoke","protected":false},"featured_media":1213,"template":"","meta":[],"product_cat":[36],"product_tag":[],"_links":{"self":[{"href":"https:\/\/www.lingua.si\/2015\/wp-json\/wp\/v2\/product\/1123"}],"collection":[{"href":"https:\/\/www.lingua.si\/2015\/wp-json\/wp\/v2\/product"}],"about":[{"href":"https:\/\/www.lingua.si\/2015\/wp-json\/wp\/v2\/types\/product"}],"wp:featuredmedia":[{"embeddable":true,"href":"https:\/\/www.lingua.si\/2015\/wp-json\/wp\/v2\/media\/1213"}],"wp:attachment":[{"href":"https:\/\/www.lingua.si\/2015\/wp-json\/wp\/v2\/media?parent=1123"}],"wp:term":[{"taxonomy":"product_cat","embeddable":true,"href":"https:\/\/www.lingua.si\/2015\/wp-json\/wp\/v2\/product_cat?post=1123"},{"taxonomy":"product_tag","embeddable":true,"href":"https:\/\/www.lingua.si\/2015\/wp-json\/wp\/v2\/product_tag?post=1123"}],"curies":[{"name":"wp","href":"https:\/\/api.w.org\/{rel}","templated":true}]}}