{"id":1125,"date":"2015-03-22T16:55:06","date_gmt":"2015-03-22T16:55:06","guid":{"rendered":"http:\/\/www.lingua.si\/2015\/?post_type=product&#038;p=1125"},"modified":"2015-08-20T23:18:01","modified_gmt":"2015-08-20T23:18:01","slug":"anglescina-za-cicibane-prirocnik-za-ucitelja-orange","status":"publish","type":"product","link":"https:\/\/www.lingua.si\/2015\/izdelek\/anglescina-za-cicibane-prirocnik-za-ucitelja-orange\/","title":{"rendered":"Angle\u0161\u010dina za cicibane &#8211; oran\u017eni priro\u010dnik za u\u010ditelja"},"content":{"rendered":"<p>\u0160t. strani: 71<\/p>\n<p>Velikost: A4<\/p>\n<p>Dimenzije: 21 X 29,6 x 0,5 cm<\/p>\n<p>Te\u017ea: 180 g<\/p>\n<p>ISBN: 961-91447-2-4<\/p>\n<p>&nbsp;<\/p>\n<p><strong>Lidia Napotnik<\/strong><\/p>\n<p><strong>ANGLE\u0160\u010cINA ZA CICIBANE oran\u017eni priro\u010dnik za u\u010ditelja<\/strong><\/p>\n<ul>\n<li>za u\u010dence od 6 do 8 let<\/li>\n<li>30 zanimivih u\u010dnih ur<\/li>\n<li>popolna priprava na posamezno uro<\/li>\n<li>teme: Let&#8217;s play, Let&#8217;s colour and count, Let&#8217;s get dressed, Let&#8217;s eat and drink, prazniki<\/li>\n<li>slikovni material za fotokopiranje<\/li>\n<\/ul>\n","protected":false},"excerpt":{"rendered":"\u0160t. strani: 71 Velikost: A4 Dimenzije: 21 X 29,6 x 0,5 cm Te\u017ea: 180 g ISBN: 961-91447-2-4 &nbsp; Lidia Napotnik ANGLE\u0160\u010cINA ZA CICIBANE oran\u017eni priro\u010dnik za u\u010ditelja za u\u010dence od 6 do 8 let 30 zanimivih u\u010dnih ur popolna priprava na posamezno uro teme: Let&#8217;s play, Let&#8217;s colour and count, Let&#8217;s get dressed, Let&#8217;s eat[&#8230;]","protected":false},"featured_media":1203,"template":"","meta":[],"product_cat":[36],"product_tag":[],"_links":{"self":[{"href":"https:\/\/www.lingua.si\/2015\/wp-json\/wp\/v2\/product\/1125"}],"collection":[{"href":"https:\/\/www.lingua.si\/2015\/wp-json\/wp\/v2\/product"}],"about":[{"href":"https:\/\/www.lingua.si\/2015\/wp-json\/wp\/v2\/types\/product"}],"wp:featuredmedia":[{"embeddable":true,"href":"https:\/\/www.lingua.si\/2015\/wp-json\/wp\/v2\/media\/1203"}],"wp:attachment":[{"href":"https:\/\/www.lingua.si\/2015\/wp-json\/wp\/v2\/media?parent=1125"}],"wp:term":[{"taxonomy":"product_cat","embeddable":true,"href":"https:\/\/www.lingua.si\/2015\/wp-json\/wp\/v2\/product_cat?post=1125"},{"taxonomy":"product_tag","embeddable":true,"href":"https:\/\/www.lingua.si\/2015\/wp-json\/wp\/v2\/product_tag?post=1125"}],"curies":[{"name":"wp","href":"https:\/\/api.w.org\/{rel}","templated":true}]}}