{"id":1133,"date":"2015-03-22T17:20:36","date_gmt":"2015-03-22T17:20:36","guid":{"rendered":"http:\/\/www.lingua.si\/2015\/?post_type=product&#038;p=1133"},"modified":"2017-04-03T06:38:28","modified_gmt":"2017-04-03T06:38:28","slug":"tiptoes-cd","status":"publish","type":"product","link":"https:\/\/www.lingua.si\/2015\/izdelek\/tiptoes-cd\/","title":{"rendered":"Tiptoes 2 &#8211; zgo\u0161\u010denka za u\u010ditelja"},"content":{"rendered":"<p>\u0160t. pesmi in dialogov: 25<\/p>\n<p><a href=\"http:\/\/www.lingua.si\/2015\/wp-content\/uploads\/2015\/03\/cd_za_ucitelja_notranja.jpg\" target=\"_blank\">SEZNAM POSNETKOV<\/a><\/p>\n<p>ISBN: 978-961-91447-8-7<\/p>\n<p>&nbsp;<\/p>\n<p><strong>Lidia Napotnik<\/strong><\/p>\n<p><strong>TIPTOES zgo\u0161\u010denka za u\u010ditelja<\/strong><\/p>\n<p><strong>angle\u0161\u010dina za 2. razred osnovne \u0161ole<\/strong><\/p>\n<ul>\n<li>25 pesmi, ritmi\u010dnih deklamacij, dialogov, zgodb<\/li>\n<li>fotokopirni slikovni material<\/li>\n<\/ul>\n<p><strong>Recenzija in priporo\u010dilo za uporabo dr. Janez Skela in dr. Zlatka Cugmas<\/strong><\/p>\n","protected":false},"excerpt":{"rendered":"\u0160t. pesmi in dialogov: 25 SEZNAM POSNETKOV ISBN: 978-961-91447-8-7 &nbsp; Lidia Napotnik TIPTOES zgo\u0161\u010denka za u\u010ditelja angle\u0161\u010dina za 2. razred osnovne \u0161ole 25 pesmi, ritmi\u010dnih deklamacij, dialogov, zgodb fotokopirni slikovni material Recenzija in priporo\u010dilo za uporabo dr. Janez Skela in dr. Zlatka Cugmas","protected":false},"featured_media":1343,"template":"","meta":[],"product_cat":[39],"product_tag":[],"_links":{"self":[{"href":"https:\/\/www.lingua.si\/2015\/wp-json\/wp\/v2\/product\/1133"}],"collection":[{"href":"https:\/\/www.lingua.si\/2015\/wp-json\/wp\/v2\/product"}],"about":[{"href":"https:\/\/www.lingua.si\/2015\/wp-json\/wp\/v2\/types\/product"}],"wp:featuredmedia":[{"embeddable":true,"href":"https:\/\/www.lingua.si\/2015\/wp-json\/wp\/v2\/media\/1343"}],"wp:attachment":[{"href":"https:\/\/www.lingua.si\/2015\/wp-json\/wp\/v2\/media?parent=1133"}],"wp:term":[{"taxonomy":"product_cat","embeddable":true,"href":"https:\/\/www.lingua.si\/2015\/wp-json\/wp\/v2\/product_cat?post=1133"},{"taxonomy":"product_tag","embeddable":true,"href":"https:\/\/www.lingua.si\/2015\/wp-json\/wp\/v2\/product_tag?post=1133"}],"curies":[{"name":"wp","href":"https:\/\/api.w.org\/{rel}","templated":true}]}}