{"id":1136,"date":"2015-03-22T17:23:56","date_gmt":"2015-03-22T17:23:56","guid":{"rendered":"http:\/\/www.lingua.si\/2015\/?post_type=product&#038;p=1136"},"modified":"2017-04-06T08:18:17","modified_gmt":"2017-04-06T08:18:17","slug":"tiptoes-prirocnik-za-ucitelja","status":"publish","type":"product","link":"https:\/\/www.lingua.si\/2015\/izdelek\/tiptoes-prirocnik-za-ucitelja\/","title":{"rendered":"Tiptoes 2 &#8211; priro\u010dnik za u\u010ditelja"},"content":{"rendered":"<p>\u0160t. strani: 78<\/p>\n<p>Velikost: A4<\/p>\n<p>Dimenzije: 21 X 29,6 x 0,5 cm<\/p>\n<p>Te\u017ea: 180 g<\/p>\n<p>ISBN: 978-961-91447-6-3<\/p>\n<p>&nbsp;<\/p>\n<p><strong>Lidia Napotnik<\/strong><\/p>\n<p><strong>TIPTOES priro\u010dnik za u\u010ditelja<\/strong><\/p>\n<p><strong>angle\u0161\u010dina za 2. razred osnovne \u0161ole<\/strong><\/p>\n<ul>\n<li>70 zanimivih in pestrih ur z vsemi idejami za zanimive ure<\/li>\n<li>popolna priprava na posamezno uro<\/li>\n<li>medpredmetne povezave z vsemi predmeti<\/li>\n<li>didakti\u010dni material<\/li>\n<li>u\u010denje angle\u0161\u010dine v razredu ali na igri\u0161\u010du<\/li>\n<li>zanimive igre, zgodbe, dialogi, pesmi in deklamacije<\/li>\n<\/ul>\n<p><strong>Recenzija in priporo\u010dilo za uporabo dr. Janez Skela in dr. Zlatka Cugmas<\/strong><\/p>\n","protected":false},"excerpt":{"rendered":"\u0160t. strani: 78 Velikost: A4 Dimenzije: 21 X 29,6 x 0,5 cm Te\u017ea: 180 g ISBN: 978-961-91447-6-3 &nbsp; Lidia Napotnik TIPTOES priro\u010dnik za u\u010ditelja angle\u0161\u010dina za 2. razred osnovne \u0161ole 70 zanimivih in pestrih ur z vsemi idejami za zanimive ure popolna priprava na posamezno uro medpredmetne povezave z vsemi predmeti didakti\u010dni material u\u010denje angle\u0161\u010dine[&#8230;]","protected":false},"featured_media":1200,"template":"","meta":[],"product_cat":[39],"product_tag":[],"_links":{"self":[{"href":"https:\/\/www.lingua.si\/2015\/wp-json\/wp\/v2\/product\/1136"}],"collection":[{"href":"https:\/\/www.lingua.si\/2015\/wp-json\/wp\/v2\/product"}],"about":[{"href":"https:\/\/www.lingua.si\/2015\/wp-json\/wp\/v2\/types\/product"}],"wp:featuredmedia":[{"embeddable":true,"href":"https:\/\/www.lingua.si\/2015\/wp-json\/wp\/v2\/media\/1200"}],"wp:attachment":[{"href":"https:\/\/www.lingua.si\/2015\/wp-json\/wp\/v2\/media?parent=1136"}],"wp:term":[{"taxonomy":"product_cat","embeddable":true,"href":"https:\/\/www.lingua.si\/2015\/wp-json\/wp\/v2\/product_cat?post=1136"},{"taxonomy":"product_tag","embeddable":true,"href":"https:\/\/www.lingua.si\/2015\/wp-json\/wp\/v2\/product_tag?post=1136"}],"curies":[{"name":"wp","href":"https:\/\/api.w.org\/{rel}","templated":true}]}}