{"id":1144,"date":"2015-03-22T17:26:03","date_gmt":"2015-03-22T17:26:03","guid":{"rendered":"http:\/\/www.lingua.si\/2015\/?post_type=product&#038;p=1144"},"modified":"2017-04-03T06:38:25","modified_gmt":"2017-04-03T06:38:25","slug":"tiptoes-delovni-ucbenik","status":"publish","type":"product","link":"https:\/\/www.lingua.si\/2015\/izdelek\/tiptoes-delovni-ucbenik\/","title":{"rendered":"Tiptoes 2 &#8211; delovni u\u010dbenik"},"content":{"rendered":"<p>\u0160t.\u00a0 strani: 74<\/p>\n<p>Velikost: \u00a0A4<\/p>\n<p>Dimenzije: 21 X 29,6 x 0,5 cm<\/p>\n<p>Te\u017ea: 180 g<\/p>\n<p>ISBN: 978-961-91447-7-0<\/p>\n<p>&nbsp;<\/p>\n<p><strong>Lidia Napotnik<\/strong><\/p>\n<p><strong>TIPTOES delovni \u010dbenik<\/strong><\/p>\n<p><strong>angle\u0161\u010dina za 2. razred osnovne \u0161ole<\/strong><\/p>\n<ul>\n<li>70 zanimivih in pestrih u\u010dnih ur za u\u010dence<\/li>\n<li>povratne informacije za star\u0161e<\/li>\n<li>zgo\u0161\u010denka s pesmimi<\/li>\n<li>strani za opisno ocenjevanje<\/li>\n<\/ul>\n<p><strong>Recenzija in priporo\u010dilo za uporabo dr. Janez Skela in dr. Zlatka Cugmas<\/strong><\/p>\n","protected":false},"excerpt":{"rendered":"\u0160t.\u00a0 strani: 74 Velikost: \u00a0A4 Dimenzije: 21 X 29,6 x 0,5 cm Te\u017ea: 180 g ISBN: 978-961-91447-7-0 &nbsp; Lidia Napotnik TIPTOES delovni \u010dbenik angle\u0161\u010dina za 2. razred osnovne \u0161ole 70 zanimivih in pestrih u\u010dnih ur za u\u010dence povratne informacije za star\u0161e zgo\u0161\u010denka s pesmimi strani za opisno ocenjevanje Recenzija in priporo\u010dilo za uporabo dr. Janez[&#8230;]","protected":false},"featured_media":1199,"template":"","meta":[],"product_cat":[39],"product_tag":[],"_links":{"self":[{"href":"https:\/\/www.lingua.si\/2015\/wp-json\/wp\/v2\/product\/1144"}],"collection":[{"href":"https:\/\/www.lingua.si\/2015\/wp-json\/wp\/v2\/product"}],"about":[{"href":"https:\/\/www.lingua.si\/2015\/wp-json\/wp\/v2\/types\/product"}],"wp:featuredmedia":[{"embeddable":true,"href":"https:\/\/www.lingua.si\/2015\/wp-json\/wp\/v2\/media\/1199"}],"wp:attachment":[{"href":"https:\/\/www.lingua.si\/2015\/wp-json\/wp\/v2\/media?parent=1144"}],"wp:term":[{"taxonomy":"product_cat","embeddable":true,"href":"https:\/\/www.lingua.si\/2015\/wp-json\/wp\/v2\/product_cat?post=1144"},{"taxonomy":"product_tag","embeddable":true,"href":"https:\/\/www.lingua.si\/2015\/wp-json\/wp\/v2\/product_tag?post=1144"}],"curies":[{"name":"wp","href":"https:\/\/api.w.org\/{rel}","templated":true}]}}