{"id":1271,"date":"2015-08-20T23:22:17","date_gmt":"2015-08-20T23:22:17","guid":{"rendered":"http:\/\/www.lingua.si\/2015\/?post_type=product&#038;p=1271"},"modified":"2017-04-06T08:17:53","modified_gmt":"2017-04-06T08:17:53","slug":"tiptoes-1-prirocnik-za-ucitelja","status":"publish","type":"product","link":"https:\/\/www.lingua.si\/2015\/izdelek\/tiptoes-1-prirocnik-za-ucitelja\/","title":{"rendered":"Tiptoes 1 \u2013 priro\u010dnik za u\u010ditelja"},"content":{"rendered":"<p>\u0160t. strani: 78<br \/>\nVelikost: A4<br \/>\nDimenzije: 21 X 29,6 X 0,5 cm<br \/>\nTe\u017ea: 180 g<br \/>\nISBN:\u00a0978-961-93873-0-6, 290797440<\/p>\n<p><strong>Lidia Napotnik<\/strong><\/p>\n<p><strong>TIPTOES priro\u010dnik za u\u010ditelja<\/strong><\/p>\n<p><strong>angle\u0161\u010dina za 1. razred osnovne \u0161ole \u00a0\u00a0<\/strong><\/p>\n<ul>\n<li>70 zanimivih in pestrih ur<\/li>\n<li>popolna priprava na posamezno uro<\/li>\n<li>medpredmetne povezave z vsemi predmeti<\/li>\n<li>u\u010denje angle\u0161\u010dine v u\u010dilnici ali na igri\u0161\u010du<\/li>\n<li>zanimive igre, zgodbe, dialogi, pesmi in deklamacije<\/li>\n<\/ul>\n<p><strong>Recenzija in priporo\u010dilo za uporabo dr. Janez Skela in dr. Zlatka Cugmas<\/strong><\/p>\n","protected":false},"excerpt":{"rendered":"\u0160t. strani: 78 Velikost: A4 Dimenzije: 21 X 29,6 X 0,5 cm Te\u017ea: 180 g ISBN:\u00a0978-961-93873-0-6, 290797440 Lidia Napotnik TIPTOES priro\u010dnik za u\u010ditelja angle\u0161\u010dina za 1. razred osnovne \u0161ole \u00a0\u00a0 70 zanimivih in pestrih ur popolna priprava na posamezno uro medpredmetne povezave z vsemi predmeti u\u010denje angle\u0161\u010dine v u\u010dilnici ali na igri\u0161\u010du zanimive igre, zgodbe,[&#8230;]","protected":false},"featured_media":1277,"template":"","meta":[],"product_cat":[39],"product_tag":[],"_links":{"self":[{"href":"https:\/\/www.lingua.si\/2015\/wp-json\/wp\/v2\/product\/1271"}],"collection":[{"href":"https:\/\/www.lingua.si\/2015\/wp-json\/wp\/v2\/product"}],"about":[{"href":"https:\/\/www.lingua.si\/2015\/wp-json\/wp\/v2\/types\/product"}],"wp:featuredmedia":[{"embeddable":true,"href":"https:\/\/www.lingua.si\/2015\/wp-json\/wp\/v2\/media\/1277"}],"wp:attachment":[{"href":"https:\/\/www.lingua.si\/2015\/wp-json\/wp\/v2\/media?parent=1271"}],"wp:term":[{"taxonomy":"product_cat","embeddable":true,"href":"https:\/\/www.lingua.si\/2015\/wp-json\/wp\/v2\/product_cat?post=1271"},{"taxonomy":"product_tag","embeddable":true,"href":"https:\/\/www.lingua.si\/2015\/wp-json\/wp\/v2\/product_tag?post=1271"}],"curies":[{"name":"wp","href":"https:\/\/api.w.org\/{rel}","templated":true}]}}