{"id":1272,"date":"2015-08-20T23:24:02","date_gmt":"2015-08-20T23:24:02","guid":{"rendered":"http:\/\/www.lingua.si\/2015\/?post_type=product&#038;p=1272"},"modified":"2017-04-03T06:38:35","modified_gmt":"2017-04-03T06:38:35","slug":"tiptoes-1-delovni-ucbenik","status":"publish","type":"product","link":"https:\/\/www.lingua.si\/2015\/izdelek\/tiptoes-1-delovni-ucbenik\/","title":{"rendered":"Tiptoes 1 \u2013 delovni u\u010dbenik"},"content":{"rendered":"<p>\u0160t. strani: 74<br \/>\nVelikost: A4<br \/>\nDimenzije: 21 X 29,6 X 0,5 cm<br \/>\nTe\u017ea: 180 g<br \/>\nISBN:\u00a0976-961-91447-9-4, 280792064<\/p>\n<p>&nbsp;<\/p>\n<p><strong>Lidia Napotnik<\/strong><\/p>\n<p><strong>TIPTOES delovni u\u010dbenik<\/strong><\/p>\n<p><strong>angle\u0161\u010dina za 1. razred osnovne \u0161ole\u00a0\u00a0\u00a0 <\/strong><\/p>\n<ul>\n<li>70 zanimivih in pestrih ur<\/li>\n<li>povratne informacije za u\u010dence<\/li>\n<li>zgo\u0161\u010denka s pesmimi<\/li>\n<li>strani za opisno ocenjevanje<\/li>\n<\/ul>\n<p><strong>Recenzija in priporo\u010dilo za uporabo dr. Janez Skela in dr. Zlatka Cugmas<\/strong><\/p>\n","protected":false},"excerpt":{"rendered":"\u0160t. strani: 74 Velikost: A4 Dimenzije: 21 X 29,6 X 0,5 cm Te\u017ea: 180 g ISBN:\u00a0976-961-91447-9-4, 280792064 &nbsp; Lidia Napotnik TIPTOES delovni u\u010dbenik angle\u0161\u010dina za 1. razred osnovne \u0161ole\u00a0\u00a0\u00a0 70 zanimivih in pestrih ur povratne informacije za u\u010dence zgo\u0161\u010denka s pesmimi strani za opisno ocenjevanje Recenzija in priporo\u010dilo za uporabo dr. Janez Skela in dr.[&#8230;]","protected":false},"featured_media":1279,"template":"","meta":[],"product_cat":[39],"product_tag":[],"_links":{"self":[{"href":"https:\/\/www.lingua.si\/2015\/wp-json\/wp\/v2\/product\/1272"}],"collection":[{"href":"https:\/\/www.lingua.si\/2015\/wp-json\/wp\/v2\/product"}],"about":[{"href":"https:\/\/www.lingua.si\/2015\/wp-json\/wp\/v2\/types\/product"}],"wp:featuredmedia":[{"embeddable":true,"href":"https:\/\/www.lingua.si\/2015\/wp-json\/wp\/v2\/media\/1279"}],"wp:attachment":[{"href":"https:\/\/www.lingua.si\/2015\/wp-json\/wp\/v2\/media?parent=1272"}],"wp:term":[{"taxonomy":"product_cat","embeddable":true,"href":"https:\/\/www.lingua.si\/2015\/wp-json\/wp\/v2\/product_cat?post=1272"},{"taxonomy":"product_tag","embeddable":true,"href":"https:\/\/www.lingua.si\/2015\/wp-json\/wp\/v2\/product_tag?post=1272"}],"curies":[{"name":"wp","href":"https:\/\/api.w.org\/{rel}","templated":true}]}}