{"id":1273,"date":"2015-08-20T23:25:08","date_gmt":"2015-08-20T23:25:08","guid":{"rendered":"http:\/\/www.lingua.si\/2015\/?post_type=product&#038;p=1273"},"modified":"2017-04-03T06:38:33","modified_gmt":"2017-04-03T06:38:33","slug":"tiptoes-1-zgoscenka-za-ucitelja","status":"publish","type":"product","link":"https:\/\/www.lingua.si\/2015\/izdelek\/tiptoes-1-zgoscenka-za-ucitelja\/","title":{"rendered":"Tiptoes 1 \u2013 zgo\u0161\u010denka za u\u010ditelja"},"content":{"rendered":"<p>\u0160tevilo pesmi in govornih zapisov: 34<\/p>\n<p>ISBN:\u00a0978-961-93873-1-3, \u00a0280796928<\/p>\n<p><strong>\u00a0\u00a0\u00a0\u00a0\u00a0\u00a0\u00a0\u00a0<\/strong><\/p>\n<p><strong>Lidia Napotnik<\/strong><\/p>\n<p><strong>TIPTOES zgo\u0161\u010denka za u\u010ditelja<\/strong><\/p>\n<p><strong>angle\u0161\u010dina za 1. razred osnovne \u0161ole\u00a0\u00a0\u00a0 <\/strong><\/p>\n<ul>\n<li>34 zvo\u010dnih zapisov pesmi, dialogov, zgodb in deklamacij<\/li>\n<li>fotokopirni slikovni material<\/li>\n<\/ul>\n<p><strong>Recenzija in priporo\u010dilo za uporabo dr. Janez Skela in dr. Zlatka Cugmas<\/strong><\/p>\n","protected":false},"excerpt":{"rendered":"\u0160tevilo pesmi in govornih zapisov: 34 ISBN:\u00a0978-961-93873-1-3, \u00a0280796928 \u00a0\u00a0\u00a0\u00a0\u00a0\u00a0\u00a0\u00a0 Lidia Napotnik TIPTOES zgo\u0161\u010denka za u\u010ditelja angle\u0161\u010dina za 1. razred osnovne \u0161ole\u00a0\u00a0\u00a0 34 zvo\u010dnih zapisov pesmi, dialogov, zgodb in deklamacij fotokopirni slikovni material Recenzija in priporo\u010dilo za uporabo dr. Janez Skela in dr. Zlatka Cugmas","protected":false},"featured_media":1342,"template":"","meta":[],"product_cat":[39],"product_tag":[],"_links":{"self":[{"href":"https:\/\/www.lingua.si\/2015\/wp-json\/wp\/v2\/product\/1273"}],"collection":[{"href":"https:\/\/www.lingua.si\/2015\/wp-json\/wp\/v2\/product"}],"about":[{"href":"https:\/\/www.lingua.si\/2015\/wp-json\/wp\/v2\/types\/product"}],"wp:featuredmedia":[{"embeddable":true,"href":"https:\/\/www.lingua.si\/2015\/wp-json\/wp\/v2\/media\/1342"}],"wp:attachment":[{"href":"https:\/\/www.lingua.si\/2015\/wp-json\/wp\/v2\/media?parent=1273"}],"wp:term":[{"taxonomy":"product_cat","embeddable":true,"href":"https:\/\/www.lingua.si\/2015\/wp-json\/wp\/v2\/product_cat?post=1273"},{"taxonomy":"product_tag","embeddable":true,"href":"https:\/\/www.lingua.si\/2015\/wp-json\/wp\/v2\/product_tag?post=1273"}],"curies":[{"name":"wp","href":"https:\/\/api.w.org\/{rel}","templated":true}]}}