{"id":1330,"date":"2015-08-08T23:31:51","date_gmt":"2015-08-08T23:31:51","guid":{"rendered":"http:\/\/www.lingua.si\/2015\/izdelek\/tiptoes-3-delovni-ucbenik\/"},"modified":"2017-04-03T07:27:59","modified_gmt":"2017-04-03T07:27:59","slug":"tiptoes-3-delovni-ucbenik","status":"publish","type":"product","link":"https:\/\/www.lingua.si\/2015\/izdelek\/tiptoes-3-delovni-ucbenik\/","title":{"rendered":"Tiptoes 3 \u2013 delovni u\u010dbenik"},"content":{"rendered":"<p>Angle\u0161\u010dina za 3. razred osnovne \u0161ole<\/p>\n<p>Delovni u\u010dbenik<\/p>\n<p>\u0160tevilo strani: 68<\/p>\n<p>Velikost: A4<\/p>\n<p>Dimenzije: 21 X 29,6X 0,5 cm<\/p>\n<p>Te\u017ea: 175 g<\/p>\n<p>ISBN: 978-961-93873-4-4, 284662784<\/p>\n<p>&nbsp;<\/p>\n<p><strong>Lidia Napotnik<\/strong><\/p>\n<p><strong>TIPTOES delovni u\u010dbenik<\/strong><\/p>\n<p><strong>angle\u0161\u010dina za 3. razred osnovne \u0161ole\u00a0\u00a0\u00a0 <\/strong><\/p>\n<ul>\n<li>70 zanimivih in pestrih ur<\/li>\n<li>povratne informacije za star\u0161e<\/li>\n<li>prilo\u017eena zgo\u0161\u010denka s pesmimi<\/li>\n<\/ul>\n<p><strong>Recenzija in priporo\u010dilo za uporabo dr. Janez Skela in dr. Zlatka Cugmas<\/strong><\/p>\n","protected":false},"excerpt":{"rendered":"Angle\u0161\u010dina za 3. razred osnovne \u0161ole Delovni u\u010dbenik \u0160tevilo strani: 68 Velikost: A4 Dimenzije: 21 X 29,6X 0,5 cm Te\u017ea: 175 g ISBN: 978-961-93873-4-4, 284662784 &nbsp; Lidia Napotnik TIPTOES delovni u\u010dbenik angle\u0161\u010dina za 3. razred osnovne \u0161ole\u00a0\u00a0\u00a0 70 zanimivih in pestrih ur povratne informacije za star\u0161e prilo\u017eena zgo\u0161\u010denka s pesmimi Recenzija in priporo\u010dilo za uporabo[&#8230;]","protected":false},"featured_media":1631,"template":"","meta":[],"product_cat":[39],"product_tag":[],"_links":{"self":[{"href":"https:\/\/www.lingua.si\/2015\/wp-json\/wp\/v2\/product\/1330"}],"collection":[{"href":"https:\/\/www.lingua.si\/2015\/wp-json\/wp\/v2\/product"}],"about":[{"href":"https:\/\/www.lingua.si\/2015\/wp-json\/wp\/v2\/types\/product"}],"wp:featuredmedia":[{"embeddable":true,"href":"https:\/\/www.lingua.si\/2015\/wp-json\/wp\/v2\/media\/1631"}],"wp:attachment":[{"href":"https:\/\/www.lingua.si\/2015\/wp-json\/wp\/v2\/media?parent=1330"}],"wp:term":[{"taxonomy":"product_cat","embeddable":true,"href":"https:\/\/www.lingua.si\/2015\/wp-json\/wp\/v2\/product_cat?post=1330"},{"taxonomy":"product_tag","embeddable":true,"href":"https:\/\/www.lingua.si\/2015\/wp-json\/wp\/v2\/product_tag?post=1330"}],"curies":[{"name":"wp","href":"https:\/\/api.w.org\/{rel}","templated":true}]}}