{"id":1638,"date":"2017-04-03T07:17:13","date_gmt":"2017-04-03T07:17:13","guid":{"rendered":"http:\/\/www.lingua.si\/2015\/izdelek\/tiptoes-3-ucbenik\/"},"modified":"2017-04-05T07:55:46","modified_gmt":"2017-04-05T07:55:46","slug":"tiptoes-3-ucbenik","status":"publish","type":"product","link":"https:\/\/www.lingua.si\/2015\/izdelek\/tiptoes-3-ucbenik\/","title":{"rendered":"Tiptoes 3 \u2013 U\u010dbenik"},"content":{"rendered":"<p>Angle\u0161\u010dina za 3. razred osnovne \u0161ole<\/p>\n<p>U\u010dbenik<\/p>\n<p>\u0160tevilo strani: 64<\/p>\n<p>Velikost: A4<\/p>\n<p>Dimenzije: 21 X 29,6X 0,5 cm<\/p>\n<p>Te\u017ea: 175 g<\/p>\n<p>ISBN: 978-961-93873-7-5, 288502784<\/p>\n<p>&nbsp;<\/p>\n<p><strong>Lidia Napotnik<\/strong><\/p>\n<p><strong>TIPTOES u\u010dbenik<br \/>\n<\/strong><\/p>\n<p><strong>angle\u0161\u010dina za 3. razred osnovne \u0161ole\u00a0\u00a0\u00a0<\/strong><\/p>\n<ul>\n<li>barvne ilustracije<\/li>\n<li>dodatne vaje za u\u010dence<\/li>\n<li>uvajanje nove snovi z barvnimi slikami<\/li>\n<li>vaje ponavljanja<\/li>\n<\/ul>\n<p><strong>Recenzija in priporo\u010dilo za uporabo dr. Janez Skela in dr. Zlatka Cugmas<br \/>\n<\/strong><\/p>\n","protected":false},"excerpt":{"rendered":"Angle\u0161\u010dina za 3. razred osnovne \u0161ole U\u010dbenik \u0160tevilo strani: 64 Velikost: A4 Dimenzije: 21 X 29,6X 0,5 cm Te\u017ea: 175 g ISBN: 978-961-93873-7-5, 288502784 &nbsp; Lidia Napotnik TIPTOES u\u010dbenik angle\u0161\u010dina za 3. razred osnovne \u0161ole\u00a0\u00a0\u00a0 barvne ilustracije dodatne vaje za u\u010dence uvajanje nove snovi z barvnimi slikami vaje ponavljanja Recenzija in priporo\u010dilo za uporabo dr.[&#8230;]","protected":false},"featured_media":1646,"template":"","meta":[],"product_cat":[39],"product_tag":[],"_links":{"self":[{"href":"https:\/\/www.lingua.si\/2015\/wp-json\/wp\/v2\/product\/1638"}],"collection":[{"href":"https:\/\/www.lingua.si\/2015\/wp-json\/wp\/v2\/product"}],"about":[{"href":"https:\/\/www.lingua.si\/2015\/wp-json\/wp\/v2\/types\/product"}],"wp:featuredmedia":[{"embeddable":true,"href":"https:\/\/www.lingua.si\/2015\/wp-json\/wp\/v2\/media\/1646"}],"wp:attachment":[{"href":"https:\/\/www.lingua.si\/2015\/wp-json\/wp\/v2\/media?parent=1638"}],"wp:term":[{"taxonomy":"product_cat","embeddable":true,"href":"https:\/\/www.lingua.si\/2015\/wp-json\/wp\/v2\/product_cat?post=1638"},{"taxonomy":"product_tag","embeddable":true,"href":"https:\/\/www.lingua.si\/2015\/wp-json\/wp\/v2\/product_tag?post=1638"}],"curies":[{"name":"wp","href":"https:\/\/api.w.org\/{rel}","templated":true}]}}